{"id":228533,"date":"2025-09-08T14:23:54","date_gmt":"2025-09-08T13:23:54","guid":{"rendered":"https:\/\/smartbeer.ch\/?post_type=product&#038;p=228533"},"modified":"2025-12-01T07:50:54","modified_gmt":"2025-12-01T06:50:54","slug":"calendrier2025","status":"publish","type":"product","link":"https:\/\/smartbeer.ch\/de\/produkt\/calendrier2025\/","title":{"rendered":"Schweizer Bieradventskalender &#8211; Hoppy Christmas 2025"},"content":{"rendered":"<p><b>DER CRAFT-BIER ADVENTSKALENDER<\/b><\/p>\n<p>Eine handverlesene Auswahl der besten Schweizer Biere \u2013 f\u00fcr ein einzigartiges Verkostungserlebnis.<br data-start=\"242\" data-end=\"245\" \/>24 Biere aus \u00fcber 12 Schweizer Brauereien begleiten dich durch die Adventszeit. Ein genussvolles, lokales und festliches Abenteuer.<\/p>\n<p data-start=\"962\" data-end=\"991\"><strong>EINE SORGF\u00c4LTIGE AUSWAHL<\/strong><\/p>\n<p data-start=\"992\" data-end=\"1232\">Seit \u00fcber 10 Jahren ist SmartBeer in der ganzen Schweiz unterwegs, um die besten Mikrobrauereien zu entdecken.<br data-start=\"1106\" data-end=\"1109\" \/>F\u00fcr diesen Kalender haben wir unsere Lieblingsbiere sorgf\u00e4ltig ausgew\u00e4hlt \u2013 erg\u00e4nzt durch einige exklusive Spezialit\u00e4ten.<\/p>\n<p><b>EINE T\u00c4GLICHE NEWSLETTER<\/b><\/p>\n<p>Jeden Tag im Advent kannst du die Bier-Notizen des Tages per E-Mail erhalten.<\/p>\n<p><b>KOSTENLOSE LIEFERUNG<\/b><\/p>\n<p>&nbsp;<\/p>\n<p>Bitte beachten Sie, dass wir aufgrund der aktuellen Lieferzeiten ab sofort <strong data-start=\"167\" data-end=\"279\">nicht mehr garantieren k\u00f6nnen, dass Bestellungen vor dem 1. Dezember, dem Beginn der Adventszeit, eintreffen<\/strong>.<br data-start=\"280\" data-end=\"283\" \/>Vielen Dank f\u00fcr Ihr Verst\u00e4ndnis.<\/p>\n","protected":false},"excerpt":{"rendered":"<p>Schweizer Craft-Bier Adventskalender. 24 Biere w\u00e4hrend der Adventszeit entdecken.<\/p>\n","protected":false},"featured_media":190932,"template":"","meta":{"_acf_changed":false},"product_brand":[],"product_cat":[211],"product_tag":[],"class_list":{"0":"post-228533","1":"product","2":"type-product","3":"status-publish","4":"has-post-thumbnail","6":"product_cat-unkategorisiert","8":"first","9":"outofstock","10":"taxable","11":"shipping-taxable","12":"purchasable","13":"product-type-simple"},"acf":[],"yoast_head":"<!-- This site is optimized with the Yoast SEO plugin v26.8 - https:\/\/yoast.com\/product\/yoast-seo-wordpress\/ -->\n<title>Schweizer Bieradventskalender - Hoppy Christmas 2025 - Smartbeer<\/title>\n<meta name=\"robots\" content=\"index, follow, max-snippet:-1, max-image-preview:large, max-video-preview:-1\" \/>\n<link rel=\"canonical\" href=\"https:\/\/smartbeer.ch\/de\/produkt\/calendrier2025\/\" \/>\n<meta property=\"og:locale\" content=\"de_DE\" \/>\n<meta property=\"og:type\" content=\"article\" \/>\n<meta property=\"og:title\" content=\"Schweizer Bieradventskalender - Hoppy Christmas 2025 - Smartbeer\" \/>\n<meta property=\"og:description\" content=\"Schweizer Craft-Bier Adventskalender. 24 Biere w\u00e4hrend der Adventszeit entdecken.\" \/>\n<meta property=\"og:url\" content=\"https:\/\/smartbeer.ch\/de\/produkt\/calendrier2025\/\" \/>\n<meta property=\"og:site_name\" content=\"Smartbeer\" \/>\n<meta property=\"article:modified_time\" content=\"2025-12-01T06:50:54+00:00\" \/>\n<meta property=\"og:image\" content=\"https:\/\/smartbeer.ch\/wp-content\/uploads\/2022\/09\/adventscalendar_2022_1.jpg\" \/>\n\t<meta property=\"og:image:width\" content=\"1200\" \/>\n\t<meta property=\"og:image:height\" content=\"757\" \/>\n\t<meta property=\"og:image:type\" content=\"image\/jpeg\" \/>\n<meta name=\"twitter:card\" content=\"summary_large_image\" \/>\n<meta name=\"twitter:label1\" content=\"Gesch\u00e4tzte Lesezeit\" \/>\n\t<meta name=\"twitter:data1\" content=\"1\u00a0Minute\" \/>\n<script type=\"application\/ld+json\" class=\"yoast-schema-graph\">{\"@context\":\"https:\/\/schema.org\",\"@graph\":[{\"@type\":\"WebPage\",\"@id\":\"https:\/\/smartbeer.ch\/de\/produkt\/calendrier2025\/\",\"url\":\"https:\/\/smartbeer.ch\/de\/produkt\/calendrier2025\/\",\"name\":\"Schweizer Bieradventskalender - Hoppy Christmas 2025 - Smartbeer\",\"isPartOf\":{\"@id\":\"https:\/\/smartbeer.ch\/#website\"},\"primaryImageOfPage\":{\"@id\":\"https:\/\/smartbeer.ch\/de\/produkt\/calendrier2025\/#primaryimage\"},\"image\":{\"@id\":\"https:\/\/smartbeer.ch\/de\/produkt\/calendrier2025\/#primaryimage\"},\"thumbnailUrl\":\"https:\/\/smartbeer.ch\/wp-content\/uploads\/2022\/09\/adventscalendar_2022_1.jpg\",\"datePublished\":\"2025-09-08T13:23:54+00:00\",\"dateModified\":\"2025-12-01T06:50:54+00:00\",\"breadcrumb\":{\"@id\":\"https:\/\/smartbeer.ch\/de\/produkt\/calendrier2025\/#breadcrumb\"},\"inLanguage\":\"de\",\"potentialAction\":[{\"@type\":\"ReadAction\",\"target\":[\"https:\/\/smartbeer.ch\/de\/produkt\/calendrier2025\/\"]}]},{\"@type\":\"ImageObject\",\"inLanguage\":\"de\",\"@id\":\"https:\/\/smartbeer.ch\/de\/produkt\/calendrier2025\/#primaryimage\",\"url\":\"https:\/\/smartbeer.ch\/wp-content\/uploads\/2022\/09\/adventscalendar_2022_1.jpg\",\"contentUrl\":\"https:\/\/smartbeer.ch\/wp-content\/uploads\/2022\/09\/adventscalendar_2022_1.jpg\",\"width\":1200,\"height\":757},{\"@type\":\"BreadcrumbList\",\"@id\":\"https:\/\/smartbeer.ch\/de\/produkt\/calendrier2025\/#breadcrumb\",\"itemListElement\":[{\"@type\":\"ListItem\",\"position\":1,\"name\":\"Accueil\",\"item\":\"https:\/\/smartbeer.ch\/de\/\"},{\"@type\":\"ListItem\",\"position\":2,\"name\":\"Biershop\",\"item\":\"https:\/\/smartbeer.ch\/de\/biershop\/\"},{\"@type\":\"ListItem\",\"position\":3,\"name\":\"Schweizer Bieradventskalender &#8211; Hoppy Christmas 2025\"}]},{\"@type\":\"WebSite\",\"@id\":\"https:\/\/smartbeer.ch\/#website\",\"url\":\"https:\/\/smartbeer.ch\/\",\"name\":\"Smartbeer\",\"description\":\"Entdecken Schweizer Biere \u00fcber eine monatliche Abo. Idee f\u00fcr ein Geschenk, um sich selbst zu geben oder. Jeden Monat entdecken Sie neue Biere.\",\"publisher\":{\"@id\":\"https:\/\/smartbeer.ch\/#organization\"},\"potentialAction\":[{\"@type\":\"SearchAction\",\"target\":{\"@type\":\"EntryPoint\",\"urlTemplate\":\"https:\/\/smartbeer.ch\/?s={search_term_string}\"},\"query-input\":{\"@type\":\"PropertyValueSpecification\",\"valueRequired\":true,\"valueName\":\"search_term_string\"}}],\"inLanguage\":\"de\"},{\"@type\":\"Organization\",\"@id\":\"https:\/\/smartbeer.ch\/#organization\",\"name\":\"SmartDistribution\",\"url\":\"https:\/\/smartbeer.ch\/\",\"logo\":{\"@type\":\"ImageObject\",\"inLanguage\":\"de\",\"@id\":\"https:\/\/smartbeer.ch\/#\/schema\/logo\/image\/\",\"url\":\"https:\/\/smartbeer.ch\/wp-content\/uploads\/2015\/09\/smartbeer_logo1.png\",\"contentUrl\":\"https:\/\/smartbeer.ch\/wp-content\/uploads\/2015\/09\/smartbeer_logo1.png\",\"width\":194,\"height\":83,\"caption\":\"SmartDistribution\"},\"image\":{\"@id\":\"https:\/\/smartbeer.ch\/#\/schema\/logo\/image\/\"}}]}<\/script>\n<!-- \/ Yoast SEO plugin. -->","yoast_head_json":{"title":"Schweizer Bieradventskalender - Hoppy Christmas 2025 - Smartbeer","robots":{"index":"index","follow":"follow","max-snippet":"max-snippet:-1","max-image-preview":"max-image-preview:large","max-video-preview":"max-video-preview:-1"},"canonical":"https:\/\/smartbeer.ch\/de\/produkt\/calendrier2025\/","og_locale":"de_DE","og_type":"article","og_title":"Schweizer Bieradventskalender - Hoppy Christmas 2025 - Smartbeer","og_description":"Schweizer Craft-Bier Adventskalender. 24 Biere w\u00e4hrend der Adventszeit entdecken.","og_url":"https:\/\/smartbeer.ch\/de\/produkt\/calendrier2025\/","og_site_name":"Smartbeer","article_modified_time":"2025-12-01T06:50:54+00:00","og_image":[{"width":1200,"height":757,"url":"https:\/\/smartbeer.ch\/wp-content\/uploads\/2022\/09\/adventscalendar_2022_1.jpg","type":"image\/jpeg"}],"twitter_card":"summary_large_image","twitter_misc":{"Gesch\u00e4tzte Lesezeit":"1\u00a0Minute"},"schema":{"@context":"https:\/\/schema.org","@graph":[{"@type":"WebPage","@id":"https:\/\/smartbeer.ch\/de\/produkt\/calendrier2025\/","url":"https:\/\/smartbeer.ch\/de\/produkt\/calendrier2025\/","name":"Schweizer Bieradventskalender - Hoppy Christmas 2025 - Smartbeer","isPartOf":{"@id":"https:\/\/smartbeer.ch\/#website"},"primaryImageOfPage":{"@id":"https:\/\/smartbeer.ch\/de\/produkt\/calendrier2025\/#primaryimage"},"image":{"@id":"https:\/\/smartbeer.ch\/de\/produkt\/calendrier2025\/#primaryimage"},"thumbnailUrl":"https:\/\/smartbeer.ch\/wp-content\/uploads\/2022\/09\/adventscalendar_2022_1.jpg","datePublished":"2025-09-08T13:23:54+00:00","dateModified":"2025-12-01T06:50:54+00:00","breadcrumb":{"@id":"https:\/\/smartbeer.ch\/de\/produkt\/calendrier2025\/#breadcrumb"},"inLanguage":"de","potentialAction":[{"@type":"ReadAction","target":["https:\/\/smartbeer.ch\/de\/produkt\/calendrier2025\/"]}]},{"@type":"ImageObject","inLanguage":"de","@id":"https:\/\/smartbeer.ch\/de\/produkt\/calendrier2025\/#primaryimage","url":"https:\/\/smartbeer.ch\/wp-content\/uploads\/2022\/09\/adventscalendar_2022_1.jpg","contentUrl":"https:\/\/smartbeer.ch\/wp-content\/uploads\/2022\/09\/adventscalendar_2022_1.jpg","width":1200,"height":757},{"@type":"BreadcrumbList","@id":"https:\/\/smartbeer.ch\/de\/produkt\/calendrier2025\/#breadcrumb","itemListElement":[{"@type":"ListItem","position":1,"name":"Accueil","item":"https:\/\/smartbeer.ch\/de\/"},{"@type":"ListItem","position":2,"name":"Biershop","item":"https:\/\/smartbeer.ch\/de\/biershop\/"},{"@type":"ListItem","position":3,"name":"Schweizer Bieradventskalender &#8211; Hoppy Christmas 2025"}]},{"@type":"WebSite","@id":"https:\/\/smartbeer.ch\/#website","url":"https:\/\/smartbeer.ch\/","name":"Smartbeer","description":"Entdecken Schweizer Biere \u00fcber eine monatliche Abo. Idee f\u00fcr ein Geschenk, um sich selbst zu geben oder. Jeden Monat entdecken Sie neue Biere.","publisher":{"@id":"https:\/\/smartbeer.ch\/#organization"},"potentialAction":[{"@type":"SearchAction","target":{"@type":"EntryPoint","urlTemplate":"https:\/\/smartbeer.ch\/?s={search_term_string}"},"query-input":{"@type":"PropertyValueSpecification","valueRequired":true,"valueName":"search_term_string"}}],"inLanguage":"de"},{"@type":"Organization","@id":"https:\/\/smartbeer.ch\/#organization","name":"SmartDistribution","url":"https:\/\/smartbeer.ch\/","logo":{"@type":"ImageObject","inLanguage":"de","@id":"https:\/\/smartbeer.ch\/#\/schema\/logo\/image\/","url":"https:\/\/smartbeer.ch\/wp-content\/uploads\/2015\/09\/smartbeer_logo1.png","contentUrl":"https:\/\/smartbeer.ch\/wp-content\/uploads\/2015\/09\/smartbeer_logo1.png","width":194,"height":83,"caption":"SmartDistribution"},"image":{"@id":"https:\/\/smartbeer.ch\/#\/schema\/logo\/image\/"}}]}},"_links":{"self":[{"href":"https:\/\/smartbeer.ch\/de\/wp-json\/wp\/v2\/product\/228533","targetHints":{"allow":["GET"]}}],"collection":[{"href":"https:\/\/smartbeer.ch\/de\/wp-json\/wp\/v2\/product"}],"about":[{"href":"https:\/\/smartbeer.ch\/de\/wp-json\/wp\/v2\/types\/product"}],"wp:featuredmedia":[{"embeddable":true,"href":"https:\/\/smartbeer.ch\/de\/wp-json\/wp\/v2\/media\/190932"}],"wp:attachment":[{"href":"https:\/\/smartbeer.ch\/de\/wp-json\/wp\/v2\/media?parent=228533"}],"wp:term":[{"taxonomy":"product_brand","embeddable":true,"href":"https:\/\/smartbeer.ch\/de\/wp-json\/wp\/v2\/product_brand?post=228533"},{"taxonomy":"product_cat","embeddable":true,"href":"https:\/\/smartbeer.ch\/de\/wp-json\/wp\/v2\/product_cat?post=228533"},{"taxonomy":"product_tag","embeddable":true,"href":"https:\/\/smartbeer.ch\/de\/wp-json\/wp\/v2\/product_tag?post=228533"}],"curies":[{"name":"wp","href":"https:\/\/api.w.org\/{rel}","templated":true}]}}