{"id":190893,"date":"2022-09-14T17:17:35","date_gmt":"2022-09-14T16:17:35","guid":{"rendered":"https:\/\/smartbeer.ch\/produit\/pack-de-degustation-de-6-bouteilles-starterpack-6\/"},"modified":"2025-12-15T10:29:21","modified_gmt":"2025-12-15T09:29:21","slug":"schweizer-craft-bier-6-pack-starterpack-6","status":"publish","type":"product","link":"https:\/\/smartbeer.ch\/de\/produkt\/schweizer-craft-bier-6-pack-starterpack-6\/","title":{"rendered":"Schweizer Craft-Bier 6 Pack &#8211; Starterpack 6"},"content":{"rendered":"<p>Holen Sie sich gleich eine Auswahl unserer Favoriten, um Ihre Verkostung zu beginnen. Ideal als Einf\u00fchrung in die Welt des Bieres. Die Starterpacks sind in Packungen mit 12 oder 6 Flaschen erh\u00e4ltlich, jedes Bier ist anders und die Auswahl pr\u00e4sentiert Brauereien aus der ganzen Schweiz! Die Sendung erfolgt innerhalb von 5 Werktagen.<\/p>\n<p>&nbsp;<\/p>\n<p><strong>Hinweis: Wir werden vom 19. Dezember bis zum 4. Januar w\u00e4hrend der Weihnachstferien geschlossen sein. Bestellungen, die in dieser Zeit aufgegeben werden, werden am 5. Januar versandt.<\/strong><\/p>\n","protected":false},"excerpt":{"rendered":"<p>Holen Sie sich gleich eine Auswahl unserer Favoriten, um Ihre Verkostung zu beginnen. Ideal als Einf\u00fchrung in die Welt des Bieres. Die Starterpacks sind in Packungen mit 12 oder 6 Flaschen erh\u00e4ltlich, jedes Bier ist anders und die Auswahl pr\u00e4sentiert Brauereien aus der ganzen Schweiz! Die Sendung erfolgt innerhalb von 5 Werktagen. &nbsp; Hinweis: Wir [&hellip;]<\/p>\n","protected":false},"featured_media":190884,"template":"","meta":{"_acf_changed":false},"product_brand":[],"product_cat":[211,499],"product_tag":[],"class_list":{"0":"post-190893","1":"product","2":"type-product","3":"status-publish","4":"has-post-thumbnail","6":"product_cat-unkategorisiert","7":"product_cat-shop-de","9":"first","10":"instock","11":"taxable","12":"shipping-taxable","13":"purchasable","14":"product-type-simple"},"acf":[],"yoast_head":"<!-- This site is optimized with the Yoast SEO plugin v26.8 - https:\/\/yoast.com\/product\/yoast-seo-wordpress\/ -->\n<title>Schweizer Craft-Bier 6 Pack - Starterpack 6 - Smartbeer<\/title>\n<meta name=\"robots\" content=\"index, follow, max-snippet:-1, max-image-preview:large, max-video-preview:-1\" \/>\n<link rel=\"canonical\" href=\"https:\/\/smartbeer.ch\/de\/produkt\/schweizer-craft-bier-6-pack-starterpack-6\/\" \/>\n<meta property=\"og:locale\" content=\"de_DE\" \/>\n<meta property=\"og:type\" content=\"article\" \/>\n<meta property=\"og:title\" content=\"Schweizer Craft-Bier 6 Pack - Starterpack 6 - Smartbeer\" \/>\n<meta property=\"og:description\" content=\"Holen Sie sich gleich eine Auswahl unserer Favoriten, um Ihre Verkostung zu beginnen. Ideal als Einf\u00fchrung in die Welt des Bieres. Die Starterpacks sind in Packungen mit 12 oder 6 Flaschen erh\u00e4ltlich, jedes Bier ist anders und die Auswahl pr\u00e4sentiert Brauereien aus der ganzen Schweiz! Die Sendung erfolgt innerhalb von 5 Werktagen. &nbsp; Hinweis: Wir [&hellip;]\" \/>\n<meta property=\"og:url\" content=\"https:\/\/smartbeer.ch\/de\/produkt\/schweizer-craft-bier-6-pack-starterpack-6\/\" \/>\n<meta property=\"og:site_name\" content=\"Smartbeer\" \/>\n<meta property=\"article:modified_time\" content=\"2025-12-15T09:29:21+00:00\" \/>\n<meta property=\"og:image\" content=\"https:\/\/smartbeer.ch\/wp-content\/uploads\/2022\/09\/simmentaler_720x.webp\" \/>\n\t<meta property=\"og:image:width\" content=\"599\" \/>\n\t<meta property=\"og:image:height\" content=\"599\" \/>\n\t<meta property=\"og:image:type\" content=\"image\/webp\" \/>\n<meta name=\"twitter:card\" content=\"summary_large_image\" \/>\n<meta name=\"twitter:label1\" content=\"Gesch\u00e4tzte Lesezeit\" \/>\n\t<meta name=\"twitter:data1\" content=\"1\u00a0Minute\" \/>\n<script type=\"application\/ld+json\" class=\"yoast-schema-graph\">{\"@context\":\"https:\/\/schema.org\",\"@graph\":[{\"@type\":\"WebPage\",\"@id\":\"https:\/\/smartbeer.ch\/de\/produkt\/schweizer-craft-bier-6-pack-starterpack-6\/\",\"url\":\"https:\/\/smartbeer.ch\/de\/produkt\/schweizer-craft-bier-6-pack-starterpack-6\/\",\"name\":\"Schweizer Craft-Bier 6 Pack - Starterpack 6 - Smartbeer\",\"isPartOf\":{\"@id\":\"https:\/\/smartbeer.ch\/#website\"},\"primaryImageOfPage\":{\"@id\":\"https:\/\/smartbeer.ch\/de\/produkt\/schweizer-craft-bier-6-pack-starterpack-6\/#primaryimage\"},\"image\":{\"@id\":\"https:\/\/smartbeer.ch\/de\/produkt\/schweizer-craft-bier-6-pack-starterpack-6\/#primaryimage\"},\"thumbnailUrl\":\"https:\/\/smartbeer.ch\/wp-content\/uploads\/2022\/09\/simmentaler_720x.webp\",\"datePublished\":\"2022-09-14T16:17:35+00:00\",\"dateModified\":\"2025-12-15T09:29:21+00:00\",\"breadcrumb\":{\"@id\":\"https:\/\/smartbeer.ch\/de\/produkt\/schweizer-craft-bier-6-pack-starterpack-6\/#breadcrumb\"},\"inLanguage\":\"de\",\"potentialAction\":[{\"@type\":\"ReadAction\",\"target\":[\"https:\/\/smartbeer.ch\/de\/produkt\/schweizer-craft-bier-6-pack-starterpack-6\/\"]}]},{\"@type\":\"ImageObject\",\"inLanguage\":\"de\",\"@id\":\"https:\/\/smartbeer.ch\/de\/produkt\/schweizer-craft-bier-6-pack-starterpack-6\/#primaryimage\",\"url\":\"https:\/\/smartbeer.ch\/wp-content\/uploads\/2022\/09\/simmentaler_720x.webp\",\"contentUrl\":\"https:\/\/smartbeer.ch\/wp-content\/uploads\/2022\/09\/simmentaler_720x.webp\",\"width\":599,\"height\":599},{\"@type\":\"BreadcrumbList\",\"@id\":\"https:\/\/smartbeer.ch\/de\/produkt\/schweizer-craft-bier-6-pack-starterpack-6\/#breadcrumb\",\"itemListElement\":[{\"@type\":\"ListItem\",\"position\":1,\"name\":\"Accueil\",\"item\":\"https:\/\/smartbeer.ch\/de\/\"},{\"@type\":\"ListItem\",\"position\":2,\"name\":\"Biershop\",\"item\":\"https:\/\/smartbeer.ch\/de\/biershop\/\"},{\"@type\":\"ListItem\",\"position\":3,\"name\":\"Schweizer Craft-Bier 6 Pack &#8211; Starterpack 6\"}]},{\"@type\":\"WebSite\",\"@id\":\"https:\/\/smartbeer.ch\/#website\",\"url\":\"https:\/\/smartbeer.ch\/\",\"name\":\"Smartbeer\",\"description\":\"Entdecken Schweizer Biere \u00fcber eine monatliche Abo. Idee f\u00fcr ein Geschenk, um sich selbst zu geben oder. Jeden Monat entdecken Sie neue Biere.\",\"publisher\":{\"@id\":\"https:\/\/smartbeer.ch\/#organization\"},\"potentialAction\":[{\"@type\":\"SearchAction\",\"target\":{\"@type\":\"EntryPoint\",\"urlTemplate\":\"https:\/\/smartbeer.ch\/?s={search_term_string}\"},\"query-input\":{\"@type\":\"PropertyValueSpecification\",\"valueRequired\":true,\"valueName\":\"search_term_string\"}}],\"inLanguage\":\"de\"},{\"@type\":\"Organization\",\"@id\":\"https:\/\/smartbeer.ch\/#organization\",\"name\":\"SmartDistribution\",\"url\":\"https:\/\/smartbeer.ch\/\",\"logo\":{\"@type\":\"ImageObject\",\"inLanguage\":\"de\",\"@id\":\"https:\/\/smartbeer.ch\/#\/schema\/logo\/image\/\",\"url\":\"https:\/\/smartbeer.ch\/wp-content\/uploads\/2015\/09\/smartbeer_logo1.png\",\"contentUrl\":\"https:\/\/smartbeer.ch\/wp-content\/uploads\/2015\/09\/smartbeer_logo1.png\",\"width\":194,\"height\":83,\"caption\":\"SmartDistribution\"},\"image\":{\"@id\":\"https:\/\/smartbeer.ch\/#\/schema\/logo\/image\/\"}}]}<\/script>\n<!-- \/ Yoast SEO plugin. -->","yoast_head_json":{"title":"Schweizer Craft-Bier 6 Pack - Starterpack 6 - Smartbeer","robots":{"index":"index","follow":"follow","max-snippet":"max-snippet:-1","max-image-preview":"max-image-preview:large","max-video-preview":"max-video-preview:-1"},"canonical":"https:\/\/smartbeer.ch\/de\/produkt\/schweizer-craft-bier-6-pack-starterpack-6\/","og_locale":"de_DE","og_type":"article","og_title":"Schweizer Craft-Bier 6 Pack - Starterpack 6 - Smartbeer","og_description":"Holen Sie sich gleich eine Auswahl unserer Favoriten, um Ihre Verkostung zu beginnen. Ideal als Einf\u00fchrung in die Welt des Bieres. Die Starterpacks sind in Packungen mit 12 oder 6 Flaschen erh\u00e4ltlich, jedes Bier ist anders und die Auswahl pr\u00e4sentiert Brauereien aus der ganzen Schweiz! Die Sendung erfolgt innerhalb von 5 Werktagen. &nbsp; Hinweis: Wir [&hellip;]","og_url":"https:\/\/smartbeer.ch\/de\/produkt\/schweizer-craft-bier-6-pack-starterpack-6\/","og_site_name":"Smartbeer","article_modified_time":"2025-12-15T09:29:21+00:00","og_image":[{"width":599,"height":599,"url":"https:\/\/smartbeer.ch\/wp-content\/uploads\/2022\/09\/simmentaler_720x.webp","type":"image\/webp"}],"twitter_card":"summary_large_image","twitter_misc":{"Gesch\u00e4tzte Lesezeit":"1\u00a0Minute"},"schema":{"@context":"https:\/\/schema.org","@graph":[{"@type":"WebPage","@id":"https:\/\/smartbeer.ch\/de\/produkt\/schweizer-craft-bier-6-pack-starterpack-6\/","url":"https:\/\/smartbeer.ch\/de\/produkt\/schweizer-craft-bier-6-pack-starterpack-6\/","name":"Schweizer Craft-Bier 6 Pack - Starterpack 6 - Smartbeer","isPartOf":{"@id":"https:\/\/smartbeer.ch\/#website"},"primaryImageOfPage":{"@id":"https:\/\/smartbeer.ch\/de\/produkt\/schweizer-craft-bier-6-pack-starterpack-6\/#primaryimage"},"image":{"@id":"https:\/\/smartbeer.ch\/de\/produkt\/schweizer-craft-bier-6-pack-starterpack-6\/#primaryimage"},"thumbnailUrl":"https:\/\/smartbeer.ch\/wp-content\/uploads\/2022\/09\/simmentaler_720x.webp","datePublished":"2022-09-14T16:17:35+00:00","dateModified":"2025-12-15T09:29:21+00:00","breadcrumb":{"@id":"https:\/\/smartbeer.ch\/de\/produkt\/schweizer-craft-bier-6-pack-starterpack-6\/#breadcrumb"},"inLanguage":"de","potentialAction":[{"@type":"ReadAction","target":["https:\/\/smartbeer.ch\/de\/produkt\/schweizer-craft-bier-6-pack-starterpack-6\/"]}]},{"@type":"ImageObject","inLanguage":"de","@id":"https:\/\/smartbeer.ch\/de\/produkt\/schweizer-craft-bier-6-pack-starterpack-6\/#primaryimage","url":"https:\/\/smartbeer.ch\/wp-content\/uploads\/2022\/09\/simmentaler_720x.webp","contentUrl":"https:\/\/smartbeer.ch\/wp-content\/uploads\/2022\/09\/simmentaler_720x.webp","width":599,"height":599},{"@type":"BreadcrumbList","@id":"https:\/\/smartbeer.ch\/de\/produkt\/schweizer-craft-bier-6-pack-starterpack-6\/#breadcrumb","itemListElement":[{"@type":"ListItem","position":1,"name":"Accueil","item":"https:\/\/smartbeer.ch\/de\/"},{"@type":"ListItem","position":2,"name":"Biershop","item":"https:\/\/smartbeer.ch\/de\/biershop\/"},{"@type":"ListItem","position":3,"name":"Schweizer Craft-Bier 6 Pack &#8211; Starterpack 6"}]},{"@type":"WebSite","@id":"https:\/\/smartbeer.ch\/#website","url":"https:\/\/smartbeer.ch\/","name":"Smartbeer","description":"Entdecken Schweizer Biere \u00fcber eine monatliche Abo. Idee f\u00fcr ein Geschenk, um sich selbst zu geben oder. Jeden Monat entdecken Sie neue Biere.","publisher":{"@id":"https:\/\/smartbeer.ch\/#organization"},"potentialAction":[{"@type":"SearchAction","target":{"@type":"EntryPoint","urlTemplate":"https:\/\/smartbeer.ch\/?s={search_term_string}"},"query-input":{"@type":"PropertyValueSpecification","valueRequired":true,"valueName":"search_term_string"}}],"inLanguage":"de"},{"@type":"Organization","@id":"https:\/\/smartbeer.ch\/#organization","name":"SmartDistribution","url":"https:\/\/smartbeer.ch\/","logo":{"@type":"ImageObject","inLanguage":"de","@id":"https:\/\/smartbeer.ch\/#\/schema\/logo\/image\/","url":"https:\/\/smartbeer.ch\/wp-content\/uploads\/2015\/09\/smartbeer_logo1.png","contentUrl":"https:\/\/smartbeer.ch\/wp-content\/uploads\/2015\/09\/smartbeer_logo1.png","width":194,"height":83,"caption":"SmartDistribution"},"image":{"@id":"https:\/\/smartbeer.ch\/#\/schema\/logo\/image\/"}}]}},"_links":{"self":[{"href":"https:\/\/smartbeer.ch\/de\/wp-json\/wp\/v2\/product\/190893","targetHints":{"allow":["GET"]}}],"collection":[{"href":"https:\/\/smartbeer.ch\/de\/wp-json\/wp\/v2\/product"}],"about":[{"href":"https:\/\/smartbeer.ch\/de\/wp-json\/wp\/v2\/types\/product"}],"wp:featuredmedia":[{"embeddable":true,"href":"https:\/\/smartbeer.ch\/de\/wp-json\/wp\/v2\/media\/190884"}],"wp:attachment":[{"href":"https:\/\/smartbeer.ch\/de\/wp-json\/wp\/v2\/media?parent=190893"}],"wp:term":[{"taxonomy":"product_brand","embeddable":true,"href":"https:\/\/smartbeer.ch\/de\/wp-json\/wp\/v2\/product_brand?post=190893"},{"taxonomy":"product_cat","embeddable":true,"href":"https:\/\/smartbeer.ch\/de\/wp-json\/wp\/v2\/product_cat?post=190893"},{"taxonomy":"product_tag","embeddable":true,"href":"https:\/\/smartbeer.ch\/de\/wp-json\/wp\/v2\/product_tag?post=190893"}],"curies":[{"name":"wp","href":"https:\/\/api.w.org\/{rel}","templated":true}]}}