{"id":190892,"date":"2022-09-14T17:15:51","date_gmt":"2022-09-14T16:15:51","guid":{"rendered":"https:\/\/smartbeer.ch\/produit\/pack-de-degustation-de-12-bouteilles-starterpack-12\/"},"modified":"2026-01-15T02:04:52","modified_gmt":"2026-01-15T01:04:52","slug":"pack-de-degustation-de-12-bouteilles-starterpack-12","status":"publish","type":"product","link":"https:\/\/smartbeer.ch\/de\/produkt\/pack-de-degustation-de-12-bouteilles-starterpack-12\/","title":{"rendered":"Schweizer Craft-Bier 12 Pack &#8211; Starterpack 12"},"content":{"rendered":"<p>Holen Sie sich gleich eine Auswahl unserer Favoriten, um Ihre Verkostung zu beginnen. Ideal als Einf\u00fchrung in die Welt des Bieres. Die Starterpacks sind in Packungen mit 12 oder 6 Flaschen erh\u00e4ltlich, jedes Bier ist anders und die Auswahl pr\u00e4sentiert Brauereien aus der ganzen Schweiz! Die Sendung erfolgt innerhalb von 5 Werktagen.<\/p>\n<p>&nbsp;<\/p>\n","protected":false},"excerpt":{"rendered":"<p>Holen Sie sich gleich eine Auswahl unserer Favoriten, um Ihre Verkostung zu beginnen. Ideal als Einf\u00fchrung in die Welt des Bieres. Die Starterpacks sind in Packungen mit 12 oder 6 Flaschen erh\u00e4ltlich, jedes Bier ist anders und die Auswahl pr\u00e4sentiert Brauereien aus der ganzen Schweiz! Die Sendung erfolgt innerhalb von 5 Werktagen. &nbsp;<\/p>\n","protected":false},"featured_media":190877,"template":"","meta":{"_acf_changed":false},"product_brand":[],"product_cat":[211],"product_tag":[],"class_list":{"0":"post-190892","1":"product","2":"type-product","3":"status-publish","4":"has-post-thumbnail","6":"product_cat-unkategorisiert","8":"first","9":"instock","10":"taxable","11":"shipping-taxable","12":"purchasable","13":"product-type-simple"},"acf":[],"yoast_head":"<!-- This site is optimized with the Yoast SEO plugin v26.8 - https:\/\/yoast.com\/product\/yoast-seo-wordpress\/ -->\n<title>Schweizer Craft-Bier 12 Pack - Starterpack 12 - Smartbeer<\/title>\n<meta name=\"robots\" content=\"index, follow, max-snippet:-1, max-image-preview:large, max-video-preview:-1\" \/>\n<link rel=\"canonical\" href=\"https:\/\/smartbeer.ch\/de\/produkt\/pack-de-degustation-de-12-bouteilles-starterpack-12\/\" \/>\n<meta property=\"og:locale\" content=\"de_DE\" \/>\n<meta property=\"og:type\" content=\"article\" \/>\n<meta property=\"og:title\" content=\"Schweizer Craft-Bier 12 Pack - Starterpack 12 - Smartbeer\" \/>\n<meta property=\"og:description\" content=\"Holen Sie sich gleich eine Auswahl unserer Favoriten, um Ihre Verkostung zu beginnen. Ideal als Einf\u00fchrung in die Welt des Bieres. Die Starterpacks sind in Packungen mit 12 oder 6 Flaschen erh\u00e4ltlich, jedes Bier ist anders und die Auswahl pr\u00e4sentiert Brauereien aus der ganzen Schweiz! Die Sendung erfolgt innerhalb von 5 Werktagen. &nbsp;\" \/>\n<meta property=\"og:url\" content=\"https:\/\/smartbeer.ch\/de\/produkt\/pack-de-degustation-de-12-bouteilles-starterpack-12\/\" \/>\n<meta property=\"og:site_name\" content=\"Smartbeer\" \/>\n<meta property=\"article:modified_time\" content=\"2026-01-15T01:04:52+00:00\" \/>\n<meta property=\"og:image\" content=\"https:\/\/smartbeer.ch\/wp-content\/uploads\/2022\/09\/smartbeer-2_720x.webp\" \/>\n\t<meta property=\"og:image:width\" content=\"720\" \/>\n\t<meta property=\"og:image:height\" content=\"720\" \/>\n\t<meta property=\"og:image:type\" content=\"image\/webp\" \/>\n<meta name=\"twitter:card\" content=\"summary_large_image\" \/>\n<meta name=\"twitter:label1\" content=\"Gesch\u00e4tzte Lesezeit\" \/>\n\t<meta name=\"twitter:data1\" content=\"1\u00a0Minute\" \/>\n<script type=\"application\/ld+json\" class=\"yoast-schema-graph\">{\"@context\":\"https:\/\/schema.org\",\"@graph\":[{\"@type\":\"WebPage\",\"@id\":\"https:\/\/smartbeer.ch\/de\/produkt\/pack-de-degustation-de-12-bouteilles-starterpack-12\/\",\"url\":\"https:\/\/smartbeer.ch\/de\/produkt\/pack-de-degustation-de-12-bouteilles-starterpack-12\/\",\"name\":\"Schweizer Craft-Bier 12 Pack - Starterpack 12 - Smartbeer\",\"isPartOf\":{\"@id\":\"https:\/\/smartbeer.ch\/#website\"},\"primaryImageOfPage\":{\"@id\":\"https:\/\/smartbeer.ch\/de\/produkt\/pack-de-degustation-de-12-bouteilles-starterpack-12\/#primaryimage\"},\"image\":{\"@id\":\"https:\/\/smartbeer.ch\/de\/produkt\/pack-de-degustation-de-12-bouteilles-starterpack-12\/#primaryimage\"},\"thumbnailUrl\":\"https:\/\/smartbeer.ch\/wp-content\/uploads\/2022\/09\/smartbeer-2_720x.webp\",\"datePublished\":\"2022-09-14T16:15:51+00:00\",\"dateModified\":\"2026-01-15T01:04:52+00:00\",\"breadcrumb\":{\"@id\":\"https:\/\/smartbeer.ch\/de\/produkt\/pack-de-degustation-de-12-bouteilles-starterpack-12\/#breadcrumb\"},\"inLanguage\":\"de\",\"potentialAction\":[{\"@type\":\"ReadAction\",\"target\":[\"https:\/\/smartbeer.ch\/de\/produkt\/pack-de-degustation-de-12-bouteilles-starterpack-12\/\"]}]},{\"@type\":\"ImageObject\",\"inLanguage\":\"de\",\"@id\":\"https:\/\/smartbeer.ch\/de\/produkt\/pack-de-degustation-de-12-bouteilles-starterpack-12\/#primaryimage\",\"url\":\"https:\/\/smartbeer.ch\/wp-content\/uploads\/2022\/09\/smartbeer-2_720x.webp\",\"contentUrl\":\"https:\/\/smartbeer.ch\/wp-content\/uploads\/2022\/09\/smartbeer-2_720x.webp\",\"width\":720,\"height\":720},{\"@type\":\"BreadcrumbList\",\"@id\":\"https:\/\/smartbeer.ch\/de\/produkt\/pack-de-degustation-de-12-bouteilles-starterpack-12\/#breadcrumb\",\"itemListElement\":[{\"@type\":\"ListItem\",\"position\":1,\"name\":\"Accueil\",\"item\":\"https:\/\/smartbeer.ch\/de\/\"},{\"@type\":\"ListItem\",\"position\":2,\"name\":\"Biershop\",\"item\":\"https:\/\/smartbeer.ch\/de\/biershop\/\"},{\"@type\":\"ListItem\",\"position\":3,\"name\":\"Schweizer Craft-Bier 12 Pack &#8211; Starterpack 12\"}]},{\"@type\":\"WebSite\",\"@id\":\"https:\/\/smartbeer.ch\/#website\",\"url\":\"https:\/\/smartbeer.ch\/\",\"name\":\"Smartbeer\",\"description\":\"Entdecken Schweizer Biere \u00fcber eine monatliche Abo. Idee f\u00fcr ein Geschenk, um sich selbst zu geben oder. Jeden Monat entdecken Sie neue Biere.\",\"publisher\":{\"@id\":\"https:\/\/smartbeer.ch\/#organization\"},\"potentialAction\":[{\"@type\":\"SearchAction\",\"target\":{\"@type\":\"EntryPoint\",\"urlTemplate\":\"https:\/\/smartbeer.ch\/?s={search_term_string}\"},\"query-input\":{\"@type\":\"PropertyValueSpecification\",\"valueRequired\":true,\"valueName\":\"search_term_string\"}}],\"inLanguage\":\"de\"},{\"@type\":\"Organization\",\"@id\":\"https:\/\/smartbeer.ch\/#organization\",\"name\":\"SmartDistribution\",\"url\":\"https:\/\/smartbeer.ch\/\",\"logo\":{\"@type\":\"ImageObject\",\"inLanguage\":\"de\",\"@id\":\"https:\/\/smartbeer.ch\/#\/schema\/logo\/image\/\",\"url\":\"https:\/\/smartbeer.ch\/wp-content\/uploads\/2015\/09\/smartbeer_logo1.png\",\"contentUrl\":\"https:\/\/smartbeer.ch\/wp-content\/uploads\/2015\/09\/smartbeer_logo1.png\",\"width\":194,\"height\":83,\"caption\":\"SmartDistribution\"},\"image\":{\"@id\":\"https:\/\/smartbeer.ch\/#\/schema\/logo\/image\/\"}}]}<\/script>\n<!-- \/ Yoast SEO plugin. -->","yoast_head_json":{"title":"Schweizer Craft-Bier 12 Pack - Starterpack 12 - Smartbeer","robots":{"index":"index","follow":"follow","max-snippet":"max-snippet:-1","max-image-preview":"max-image-preview:large","max-video-preview":"max-video-preview:-1"},"canonical":"https:\/\/smartbeer.ch\/de\/produkt\/pack-de-degustation-de-12-bouteilles-starterpack-12\/","og_locale":"de_DE","og_type":"article","og_title":"Schweizer Craft-Bier 12 Pack - Starterpack 12 - Smartbeer","og_description":"Holen Sie sich gleich eine Auswahl unserer Favoriten, um Ihre Verkostung zu beginnen. Ideal als Einf\u00fchrung in die Welt des Bieres. Die Starterpacks sind in Packungen mit 12 oder 6 Flaschen erh\u00e4ltlich, jedes Bier ist anders und die Auswahl pr\u00e4sentiert Brauereien aus der ganzen Schweiz! Die Sendung erfolgt innerhalb von 5 Werktagen. &nbsp;","og_url":"https:\/\/smartbeer.ch\/de\/produkt\/pack-de-degustation-de-12-bouteilles-starterpack-12\/","og_site_name":"Smartbeer","article_modified_time":"2026-01-15T01:04:52+00:00","og_image":[{"width":720,"height":720,"url":"https:\/\/smartbeer.ch\/wp-content\/uploads\/2022\/09\/smartbeer-2_720x.webp","type":"image\/webp"}],"twitter_card":"summary_large_image","twitter_misc":{"Gesch\u00e4tzte Lesezeit":"1\u00a0Minute"},"schema":{"@context":"https:\/\/schema.org","@graph":[{"@type":"WebPage","@id":"https:\/\/smartbeer.ch\/de\/produkt\/pack-de-degustation-de-12-bouteilles-starterpack-12\/","url":"https:\/\/smartbeer.ch\/de\/produkt\/pack-de-degustation-de-12-bouteilles-starterpack-12\/","name":"Schweizer Craft-Bier 12 Pack - Starterpack 12 - Smartbeer","isPartOf":{"@id":"https:\/\/smartbeer.ch\/#website"},"primaryImageOfPage":{"@id":"https:\/\/smartbeer.ch\/de\/produkt\/pack-de-degustation-de-12-bouteilles-starterpack-12\/#primaryimage"},"image":{"@id":"https:\/\/smartbeer.ch\/de\/produkt\/pack-de-degustation-de-12-bouteilles-starterpack-12\/#primaryimage"},"thumbnailUrl":"https:\/\/smartbeer.ch\/wp-content\/uploads\/2022\/09\/smartbeer-2_720x.webp","datePublished":"2022-09-14T16:15:51+00:00","dateModified":"2026-01-15T01:04:52+00:00","breadcrumb":{"@id":"https:\/\/smartbeer.ch\/de\/produkt\/pack-de-degustation-de-12-bouteilles-starterpack-12\/#breadcrumb"},"inLanguage":"de","potentialAction":[{"@type":"ReadAction","target":["https:\/\/smartbeer.ch\/de\/produkt\/pack-de-degustation-de-12-bouteilles-starterpack-12\/"]}]},{"@type":"ImageObject","inLanguage":"de","@id":"https:\/\/smartbeer.ch\/de\/produkt\/pack-de-degustation-de-12-bouteilles-starterpack-12\/#primaryimage","url":"https:\/\/smartbeer.ch\/wp-content\/uploads\/2022\/09\/smartbeer-2_720x.webp","contentUrl":"https:\/\/smartbeer.ch\/wp-content\/uploads\/2022\/09\/smartbeer-2_720x.webp","width":720,"height":720},{"@type":"BreadcrumbList","@id":"https:\/\/smartbeer.ch\/de\/produkt\/pack-de-degustation-de-12-bouteilles-starterpack-12\/#breadcrumb","itemListElement":[{"@type":"ListItem","position":1,"name":"Accueil","item":"https:\/\/smartbeer.ch\/de\/"},{"@type":"ListItem","position":2,"name":"Biershop","item":"https:\/\/smartbeer.ch\/de\/biershop\/"},{"@type":"ListItem","position":3,"name":"Schweizer Craft-Bier 12 Pack &#8211; Starterpack 12"}]},{"@type":"WebSite","@id":"https:\/\/smartbeer.ch\/#website","url":"https:\/\/smartbeer.ch\/","name":"Smartbeer","description":"Entdecken Schweizer Biere \u00fcber eine monatliche Abo. Idee f\u00fcr ein Geschenk, um sich selbst zu geben oder. Jeden Monat entdecken Sie neue Biere.","publisher":{"@id":"https:\/\/smartbeer.ch\/#organization"},"potentialAction":[{"@type":"SearchAction","target":{"@type":"EntryPoint","urlTemplate":"https:\/\/smartbeer.ch\/?s={search_term_string}"},"query-input":{"@type":"PropertyValueSpecification","valueRequired":true,"valueName":"search_term_string"}}],"inLanguage":"de"},{"@type":"Organization","@id":"https:\/\/smartbeer.ch\/#organization","name":"SmartDistribution","url":"https:\/\/smartbeer.ch\/","logo":{"@type":"ImageObject","inLanguage":"de","@id":"https:\/\/smartbeer.ch\/#\/schema\/logo\/image\/","url":"https:\/\/smartbeer.ch\/wp-content\/uploads\/2015\/09\/smartbeer_logo1.png","contentUrl":"https:\/\/smartbeer.ch\/wp-content\/uploads\/2015\/09\/smartbeer_logo1.png","width":194,"height":83,"caption":"SmartDistribution"},"image":{"@id":"https:\/\/smartbeer.ch\/#\/schema\/logo\/image\/"}}]}},"_links":{"self":[{"href":"https:\/\/smartbeer.ch\/de\/wp-json\/wp\/v2\/product\/190892","targetHints":{"allow":["GET"]}}],"collection":[{"href":"https:\/\/smartbeer.ch\/de\/wp-json\/wp\/v2\/product"}],"about":[{"href":"https:\/\/smartbeer.ch\/de\/wp-json\/wp\/v2\/types\/product"}],"wp:featuredmedia":[{"embeddable":true,"href":"https:\/\/smartbeer.ch\/de\/wp-json\/wp\/v2\/media\/190877"}],"wp:attachment":[{"href":"https:\/\/smartbeer.ch\/de\/wp-json\/wp\/v2\/media?parent=190892"}],"wp:term":[{"taxonomy":"product_brand","embeddable":true,"href":"https:\/\/smartbeer.ch\/de\/wp-json\/wp\/v2\/product_brand?post=190892"},{"taxonomy":"product_cat","embeddable":true,"href":"https:\/\/smartbeer.ch\/de\/wp-json\/wp\/v2\/product_cat?post=190892"},{"taxonomy":"product_tag","embeddable":true,"href":"https:\/\/smartbeer.ch\/de\/wp-json\/wp\/v2\/product_tag?post=190892"}],"curies":[{"name":"wp","href":"https:\/\/api.w.org\/{rel}","templated":true}]}}