{"id":913,"date":"2015-11-20T07:54:31","date_gmt":"2015-11-20T06:54:31","guid":{"rendered":"https:\/\/smartbeer.ch\/\/de\/team-smartbeer\/"},"modified":"2020-05-13T16:08:24","modified_gmt":"2020-05-13T15:08:24","slug":"team-smartbeer","status":"publish","type":"page","link":"https:\/\/smartbeer.ch\/de\/team-smartbeer\/","title":{"rendered":"Team SmartBeer"},"content":{"rendered":"<p><strong>Zwei Freunde sind an der Entstehung von SmartBeer beteiligt: L\u00e9on Metz und Lucien Martin<\/strong><\/p>\n<p>Lucien und ich (L\u00e9on) haben SmartBeer vor fast acht Jahren lanciert. Der Craft Beer Trend war damals noch nicht in der Schweiz angekommen und als Studenten arbeiteten wir zusammen an einem gemeinsamen Studien-Projekt, bei welchem wir ein Unternehmensprojekt vorstellen mussten.<\/p>\n<p>Wir waren also in Fribourg und haben uns in einer Bar f\u00fcr die Suche nach einer geeigneten Gesch\u00e4ftsidee f\u00fcr dieses Projekt getroffen.<\/p>\n<p>In dem Moment als wir bestellt haben, fragten wir beide nach einem Bier, falls m\u00f6glich ein Craft Beer. Und genau in diesem einen Moment haben wir gemerkt, dass wir beide passionierte Bierliebhaber sind. Die Kellnerin empfiehlt uns also ein lokales Bier, das wir ohne zu z\u00f6gern bestellen.<\/p>\n<p>Lucien und ich haben das servierte Bier, das keiner von uns kannte, sehr genossen. Es ist zudem anzumerken, dass Lucien Waadtl\u00e4nder und ich Z\u00fcrcher bin. Wir haben also angefangen \u00fcber Kleinbrauereien zu diskutieren, welche uns bekannt waren. Rasch haben wir dabei festgestellt, dass wir praktisch keine Kleinbrauereien ausserhalb unserer Regionen kannten.<\/p>\n<p>Wie ist es also m\u00f6glich, dass es einfacher ist ein importiertes Craft Beer, anstatt ein Schweizer Craft Beer zu kaufen? Da war f\u00fcr uns klar, dass die Mission unseres Projekts die Entdeckung der Schweizer Kleinbrauereien beinhalten wird. SmartBeer war geboren!<\/p>\n<p>Heute, mehr als acht Jahre sp\u00e4ter, ist SmartBeer immer noch ein Passionsprojekt, das wir neben unseren Hauptberufen f\u00fchren. Wir sind immer noch hochmotiviert, neue Schweizer Kleinbrauereien zu entdecken und freuen uns auf die allgemeine Begeisterung f\u00fcr Spezialbiere.<\/p>\n<p>Wir hoffen, Sie haben ebenso viel Freude wie wir, Schweizer Craft Beers zu degustieren.<\/p>\n<p>Prost!<\/p>\n<p>L\u00e9on<\/p>\n<p><a href=\"https:\/\/smartbeer.ch\/wp-content\/uploads\/2020\/02\/Lucien-et-Leon.png\"><img decoding=\"async\" class=\"alignnone size-medium wp-image-132730\" src=\"https:\/\/smartbeer.ch\/wp-content\/uploads\/2020\/02\/Lucien-et-Leon-300x300.png\" alt=\"Lucien et Leon\" width=\"300\" height=\"300\" srcset=\"https:\/\/smartbeer.ch\/wp-content\/uploads\/2020\/02\/Lucien-et-Leon-300x300.png 300w, https:\/\/smartbeer.ch\/wp-content\/uploads\/2020\/02\/Lucien-et-Leon-150x150.png 150w, https:\/\/smartbeer.ch\/wp-content\/uploads\/2020\/02\/Lucien-et-Leon-250x250.png 250w, https:\/\/smartbeer.ch\/wp-content\/uploads\/2020\/02\/Lucien-et-Leon-100x100.png 100w, https:\/\/smartbeer.ch\/wp-content\/uploads\/2020\/02\/Lucien-et-Leon.png 400w, https:\/\/smartbeer.ch\/wp-content\/uploads\/2020\/02\/Lucien-et-Leon-120x120.png 120w\" sizes=\"(max-width: 300px) 100vw, 300px\" \/><\/a><\/p>\n","protected":false},"excerpt":{"rendered":"<p>Zwei Freunde sind an der Entstehung von SmartBeer beteiligt: L\u00e9on Metz und Lucien Martin Lucien und ich (L\u00e9on) haben SmartBeer vor fast acht Jahren lanciert. Der Craft Beer Trend war damals noch nicht in der Schweiz angekommen und als Studenten arbeiteten wir zusammen an einem gemeinsamen Studien-Projekt, bei welchem wir ein Unternehmensprojekt vorstellen mussten. Wir [&hellip;]<\/p>\n","protected":false},"author":1,"featured_media":0,"parent":0,"menu_order":0,"comment_status":"closed","ping_status":"closed","template":"template-team.php","meta":{"_acf_changed":false,"footnotes":""},"class_list":["post-913","page","type-page","status-publish","hentry"],"acf":[],"yoast_head":"<!-- This site is optimized with the Yoast SEO plugin v26.8 - https:\/\/yoast.com\/product\/yoast-seo-wordpress\/ -->\n<title>Team SmartBeer - Entdecken Sie die Schweizer Bieren Abonnement<\/title>\n<meta name=\"robots\" content=\"index, follow, max-snippet:-1, max-image-preview:large, max-video-preview:-1\" \/>\n<link rel=\"canonical\" href=\"https:\/\/smartbeer.ch\/de\/team-smartbeer\/\" \/>\n<meta property=\"og:locale\" content=\"de_DE\" \/>\n<meta property=\"og:type\" content=\"article\" \/>\n<meta property=\"og:title\" content=\"Team SmartBeer - Entdecken Sie die Schweizer Bieren Abonnement\" \/>\n<meta property=\"og:description\" content=\"Zwei Freunde sind an der Entstehung von SmartBeer beteiligt: L\u00e9on Metz und Lucien Martin Lucien und ich (L\u00e9on) haben SmartBeer vor fast acht Jahren lanciert. Der Craft Beer Trend war damals noch nicht in der Schweiz angekommen und als Studenten arbeiteten wir zusammen an einem gemeinsamen Studien-Projekt, bei welchem wir ein Unternehmensprojekt vorstellen mussten. Wir [&hellip;]\" \/>\n<meta property=\"og:url\" content=\"https:\/\/smartbeer.ch\/de\/team-smartbeer\/\" \/>\n<meta property=\"og:site_name\" content=\"Smartbeer\" \/>\n<meta property=\"article:modified_time\" content=\"2020-05-13T15:08:24+00:00\" \/>\n<meta property=\"og:image\" content=\"https:\/\/smartbeer.ch\/wp-content\/uploads\/2020\/02\/Lucien-et-Leon-300x300.png\" \/>\n<meta name=\"twitter:card\" content=\"summary_large_image\" \/>\n<meta name=\"twitter:label1\" content=\"Gesch\u00e4tzte Lesezeit\" \/>\n\t<meta name=\"twitter:data1\" content=\"1\u00a0Minute\" \/>\n<script type=\"application\/ld+json\" class=\"yoast-schema-graph\">{\"@context\":\"https:\/\/schema.org\",\"@graph\":[{\"@type\":\"WebPage\",\"@id\":\"https:\/\/smartbeer.ch\/de\/team-smartbeer\/\",\"url\":\"https:\/\/smartbeer.ch\/de\/team-smartbeer\/\",\"name\":\"Team SmartBeer - Entdecken Sie die Schweizer Bieren Abonnement\",\"isPartOf\":{\"@id\":\"https:\/\/smartbeer.ch\/#website\"},\"primaryImageOfPage\":{\"@id\":\"https:\/\/smartbeer.ch\/de\/team-smartbeer\/#primaryimage\"},\"image\":{\"@id\":\"https:\/\/smartbeer.ch\/de\/team-smartbeer\/#primaryimage\"},\"thumbnailUrl\":\"https:\/\/smartbeer.ch\/wp-content\/uploads\/2020\/02\/Lucien-et-Leon-300x300.png\",\"datePublished\":\"2015-11-20T06:54:31+00:00\",\"dateModified\":\"2020-05-13T15:08:24+00:00\",\"breadcrumb\":{\"@id\":\"https:\/\/smartbeer.ch\/de\/team-smartbeer\/#breadcrumb\"},\"inLanguage\":\"de\",\"potentialAction\":[{\"@type\":\"ReadAction\",\"target\":[\"https:\/\/smartbeer.ch\/de\/team-smartbeer\/\"]}]},{\"@type\":\"ImageObject\",\"inLanguage\":\"de\",\"@id\":\"https:\/\/smartbeer.ch\/de\/team-smartbeer\/#primaryimage\",\"url\":\"https:\/\/smartbeer.ch\/wp-content\/uploads\/2020\/02\/Lucien-et-Leon-300x300.png\",\"contentUrl\":\"https:\/\/smartbeer.ch\/wp-content\/uploads\/2020\/02\/Lucien-et-Leon-300x300.png\"},{\"@type\":\"BreadcrumbList\",\"@id\":\"https:\/\/smartbeer.ch\/de\/team-smartbeer\/#breadcrumb\",\"itemListElement\":[{\"@type\":\"ListItem\",\"position\":1,\"name\":\"Accueil\",\"item\":\"https:\/\/smartbeer.ch\/de\/\"},{\"@type\":\"ListItem\",\"position\":2,\"name\":\"Team SmartBeer\"}]},{\"@type\":\"WebSite\",\"@id\":\"https:\/\/smartbeer.ch\/#website\",\"url\":\"https:\/\/smartbeer.ch\/\",\"name\":\"Smartbeer\",\"description\":\"Entdecken Schweizer Biere \u00fcber eine monatliche Abo. Idee f\u00fcr ein Geschenk, um sich selbst zu geben oder. Jeden Monat entdecken Sie neue Biere.\",\"publisher\":{\"@id\":\"https:\/\/smartbeer.ch\/#organization\"},\"potentialAction\":[{\"@type\":\"SearchAction\",\"target\":{\"@type\":\"EntryPoint\",\"urlTemplate\":\"https:\/\/smartbeer.ch\/?s={search_term_string}\"},\"query-input\":{\"@type\":\"PropertyValueSpecification\",\"valueRequired\":true,\"valueName\":\"search_term_string\"}}],\"inLanguage\":\"de\"},{\"@type\":\"Organization\",\"@id\":\"https:\/\/smartbeer.ch\/#organization\",\"name\":\"SmartDistribution\",\"url\":\"https:\/\/smartbeer.ch\/\",\"logo\":{\"@type\":\"ImageObject\",\"inLanguage\":\"de\",\"@id\":\"https:\/\/smartbeer.ch\/#\/schema\/logo\/image\/\",\"url\":\"https:\/\/smartbeer.ch\/wp-content\/uploads\/2015\/09\/smartbeer_logo1.png\",\"contentUrl\":\"https:\/\/smartbeer.ch\/wp-content\/uploads\/2015\/09\/smartbeer_logo1.png\",\"width\":194,\"height\":83,\"caption\":\"SmartDistribution\"},\"image\":{\"@id\":\"https:\/\/smartbeer.ch\/#\/schema\/logo\/image\/\"}}]}<\/script>\n<!-- \/ Yoast SEO plugin. -->","yoast_head_json":{"title":"Team SmartBeer - Entdecken Sie die Schweizer Bieren Abonnement","robots":{"index":"index","follow":"follow","max-snippet":"max-snippet:-1","max-image-preview":"max-image-preview:large","max-video-preview":"max-video-preview:-1"},"canonical":"https:\/\/smartbeer.ch\/de\/team-smartbeer\/","og_locale":"de_DE","og_type":"article","og_title":"Team SmartBeer - Entdecken Sie die Schweizer Bieren Abonnement","og_description":"Zwei Freunde sind an der Entstehung von SmartBeer beteiligt: L\u00e9on Metz und Lucien Martin Lucien und ich (L\u00e9on) haben SmartBeer vor fast acht Jahren lanciert. Der Craft Beer Trend war damals noch nicht in der Schweiz angekommen und als Studenten arbeiteten wir zusammen an einem gemeinsamen Studien-Projekt, bei welchem wir ein Unternehmensprojekt vorstellen mussten. Wir [&hellip;]","og_url":"https:\/\/smartbeer.ch\/de\/team-smartbeer\/","og_site_name":"Smartbeer","article_modified_time":"2020-05-13T15:08:24+00:00","og_image":[{"url":"https:\/\/smartbeer.ch\/wp-content\/uploads\/2020\/02\/Lucien-et-Leon-300x300.png","type":"","width":"","height":""}],"twitter_card":"summary_large_image","twitter_misc":{"Gesch\u00e4tzte Lesezeit":"1\u00a0Minute"},"schema":{"@context":"https:\/\/schema.org","@graph":[{"@type":"WebPage","@id":"https:\/\/smartbeer.ch\/de\/team-smartbeer\/","url":"https:\/\/smartbeer.ch\/de\/team-smartbeer\/","name":"Team SmartBeer - Entdecken Sie die Schweizer Bieren Abonnement","isPartOf":{"@id":"https:\/\/smartbeer.ch\/#website"},"primaryImageOfPage":{"@id":"https:\/\/smartbeer.ch\/de\/team-smartbeer\/#primaryimage"},"image":{"@id":"https:\/\/smartbeer.ch\/de\/team-smartbeer\/#primaryimage"},"thumbnailUrl":"https:\/\/smartbeer.ch\/wp-content\/uploads\/2020\/02\/Lucien-et-Leon-300x300.png","datePublished":"2015-11-20T06:54:31+00:00","dateModified":"2020-05-13T15:08:24+00:00","breadcrumb":{"@id":"https:\/\/smartbeer.ch\/de\/team-smartbeer\/#breadcrumb"},"inLanguage":"de","potentialAction":[{"@type":"ReadAction","target":["https:\/\/smartbeer.ch\/de\/team-smartbeer\/"]}]},{"@type":"ImageObject","inLanguage":"de","@id":"https:\/\/smartbeer.ch\/de\/team-smartbeer\/#primaryimage","url":"https:\/\/smartbeer.ch\/wp-content\/uploads\/2020\/02\/Lucien-et-Leon-300x300.png","contentUrl":"https:\/\/smartbeer.ch\/wp-content\/uploads\/2020\/02\/Lucien-et-Leon-300x300.png"},{"@type":"BreadcrumbList","@id":"https:\/\/smartbeer.ch\/de\/team-smartbeer\/#breadcrumb","itemListElement":[{"@type":"ListItem","position":1,"name":"Accueil","item":"https:\/\/smartbeer.ch\/de\/"},{"@type":"ListItem","position":2,"name":"Team SmartBeer"}]},{"@type":"WebSite","@id":"https:\/\/smartbeer.ch\/#website","url":"https:\/\/smartbeer.ch\/","name":"Smartbeer","description":"Entdecken Schweizer Biere \u00fcber eine monatliche Abo. Idee f\u00fcr ein Geschenk, um sich selbst zu geben oder. Jeden Monat entdecken Sie neue Biere.","publisher":{"@id":"https:\/\/smartbeer.ch\/#organization"},"potentialAction":[{"@type":"SearchAction","target":{"@type":"EntryPoint","urlTemplate":"https:\/\/smartbeer.ch\/?s={search_term_string}"},"query-input":{"@type":"PropertyValueSpecification","valueRequired":true,"valueName":"search_term_string"}}],"inLanguage":"de"},{"@type":"Organization","@id":"https:\/\/smartbeer.ch\/#organization","name":"SmartDistribution","url":"https:\/\/smartbeer.ch\/","logo":{"@type":"ImageObject","inLanguage":"de","@id":"https:\/\/smartbeer.ch\/#\/schema\/logo\/image\/","url":"https:\/\/smartbeer.ch\/wp-content\/uploads\/2015\/09\/smartbeer_logo1.png","contentUrl":"https:\/\/smartbeer.ch\/wp-content\/uploads\/2015\/09\/smartbeer_logo1.png","width":194,"height":83,"caption":"SmartDistribution"},"image":{"@id":"https:\/\/smartbeer.ch\/#\/schema\/logo\/image\/"}}]}},"_links":{"self":[{"href":"https:\/\/smartbeer.ch\/de\/wp-json\/wp\/v2\/pages\/913","targetHints":{"allow":["GET"]}}],"collection":[{"href":"https:\/\/smartbeer.ch\/de\/wp-json\/wp\/v2\/pages"}],"about":[{"href":"https:\/\/smartbeer.ch\/de\/wp-json\/wp\/v2\/types\/page"}],"author":[{"embeddable":true,"href":"https:\/\/smartbeer.ch\/de\/wp-json\/wp\/v2\/users\/1"}],"replies":[{"embeddable":true,"href":"https:\/\/smartbeer.ch\/de\/wp-json\/wp\/v2\/comments?post=913"}],"version-history":[{"count":0,"href":"https:\/\/smartbeer.ch\/de\/wp-json\/wp\/v2\/pages\/913\/revisions"}],"wp:attachment":[{"href":"https:\/\/smartbeer.ch\/de\/wp-json\/wp\/v2\/media?parent=913"}],"curies":[{"name":"wp","href":"https:\/\/api.w.org\/{rel}","templated":true}]}}