{"id":82178,"date":"2019-08-31T14:27:04","date_gmt":"2019-08-31T13:27:04","guid":{"rendered":"https:\/\/smartbeer.ch\/?page_id=82178"},"modified":"2019-09-01T17:02:14","modified_gmt":"2019-09-01T16:02:14","slug":"erlebnisse-und-veranstaltungen-rund-ums-bier","status":"publish","type":"page","link":"https:\/\/smartbeer.ch\/de\/erlebnisse-und-veranstaltungen-rund-ums-bier\/","title":{"rendered":"ERLEBNISSE UND VERANSTALTUNGEN RUND UMS BIER"},"content":{"rendered":"<p><strong>Die Bierindustrie ist ideal f\u00fcr viele einzigartige und originelle Erlebnisse. Abh\u00e4ngig von der Teilnehmerzahl und der zur Verf\u00fcgung stehenden Zeit k\u00f6nnen Sie bei einem professionellen Sommelier lernen, eine Brauerei zu besuchen oder sogar Ihr eigenes Bier herzustellen. Ein perfekter freundlicher Moment f\u00fcr Partys oder Teambuilding.<\/strong><\/p>\n<p><a href=\"https:\/\/smartbeer.ch\/wp-content\/uploads\/2019\/08\/tasting.png\"><img decoding=\"async\" class=\"alignnone wp-image-82175\" src=\"https:\/\/smartbeer.ch\/wp-content\/uploads\/2019\/08\/tasting-300x200.png\" alt=\"\" width=\"600\" height=\"399\" srcset=\"https:\/\/smartbeer.ch\/wp-content\/uploads\/2019\/08\/tasting-300x200.png 300w, https:\/\/smartbeer.ch\/wp-content\/uploads\/2019\/08\/tasting-768x511.png 768w, https:\/\/smartbeer.ch\/wp-content\/uploads\/2019\/08\/tasting-250x166.png 250w, https:\/\/smartbeer.ch\/wp-content\/uploads\/2019\/08\/tasting-100x67.png 100w, https:\/\/smartbeer.ch\/wp-content\/uploads\/2019\/08\/tasting-150x100.png 150w, https:\/\/smartbeer.ch\/wp-content\/uploads\/2019\/08\/tasting-400x266.png 400w, https:\/\/smartbeer.ch\/wp-content\/uploads\/2019\/08\/tasting-180x120.png 180w, https:\/\/smartbeer.ch\/wp-content\/uploads\/2019\/08\/tasting-600x399.png 600w, https:\/\/smartbeer.ch\/wp-content\/uploads\/2019\/08\/tasting.png 915w\" sizes=\"(max-width: 600px) 100vw, 600px\" \/><\/a><\/p>\n<p>Verkostungsworkshops<\/p>\n<p>Beginnen Sie mit der Verkostung, indem Sie eine feine Auswahl von drei bis acht handwerklichen Bieren entdecken und gleichzeitig von einem Profi auf diesem Gebiet lernen. Diese Workshops sind ideal f\u00fcr Gruppen von 5 bis 15 Personen, an einem Ort Ihrer Wahl (M\u00f6glichkeit der Kombination mit einem Besuch in einer Brauerei) und mit der M\u00f6glichkeit, eine Verkostung von Speisen (Bier und Essen) anzubieten. Von CHF 25 bis CHF 60 pro Person je nach gew\u00e4hlter Formel.<\/p>\n<p>Braukurse und Teambuilding<\/p>\n<p>Es gibt nichts Besseres, als ein eigenes Bier zu kreieren, um die Brauwelt zu entdecken. In kleinen Gruppen von 3 bis 8 Personen k\u00f6nnen Sie mit einem Brauer ein Bier zubereiten. Nach diesem Tag des Bierbrauens wird das Bier in F\u00e4sser zur G\u00e4rung gef\u00fcllt. Es wird ein bis zwei Monate dauern, um das Ergebnis Ihrer Arbeit zu verkosten, es ist m\u00f6glich, die Lieferung der Flaschen zu den H\u00e4usern der Teilnehmer zu organisieren.<\/p>\n<p>Fragen Sie uns nach einem unverbindlichen Angebot:<\/p>\n<script>\nvar gform;gform||(document.addEventListener(\"gform_main_scripts_loaded\",function(){gform.scriptsLoaded=!0}),document.addEventListener(\"gform\/theme\/scripts_loaded\",function(){gform.themeScriptsLoaded=!0}),window.addEventListener(\"DOMContentLoaded\",function(){gform.domLoaded=!0}),gform={domLoaded:!1,scriptsLoaded:!1,themeScriptsLoaded:!1,isFormEditor:()=>\"function\"==typeof InitializeEditor,callIfLoaded:function(o){return!(!gform.domLoaded||!gform.scriptsLoaded||!gform.themeScriptsLoaded&&!gform.isFormEditor()||(gform.isFormEditor()&&console.warn(\"The use of gform.initializeOnLoaded() is deprecated in the form editor context and will be removed in Gravity Forms 3.1.\"),o(),0))},initializeOnLoaded:function(o){gform.callIfLoaded(o)||(document.addEventListener(\"gform_main_scripts_loaded\",()=>{gform.scriptsLoaded=!0,gform.callIfLoaded(o)}),document.addEventListener(\"gform\/theme\/scripts_loaded\",()=>{gform.themeScriptsLoaded=!0,gform.callIfLoaded(o)}),window.addEventListener(\"DOMContentLoaded\",()=>{gform.domLoaded=!0,gform.callIfLoaded(o)}))},hooks:{action:{},filter:{}},addAction:function(o,r,e,t){gform.addHook(\"action\",o,r,e,t)},addFilter:function(o,r,e,t){gform.addHook(\"filter\",o,r,e,t)},doAction:function(o){gform.doHook(\"action\",o,arguments)},applyFilters:function(o){return gform.doHook(\"filter\",o,arguments)},removeAction:function(o,r){gform.removeHook(\"action\",o,r)},removeFilter:function(o,r,e){gform.removeHook(\"filter\",o,r,e)},addHook:function(o,r,e,t,n){null==gform.hooks[o][r]&&(gform.hooks[o][r]=[]);var d=gform.hooks[o][r];null==n&&(n=r+\"_\"+d.length),gform.hooks[o][r].push({tag:n,callable:e,priority:t=null==t?10:t})},doHook:function(r,o,e){var t;if(e=Array.prototype.slice.call(e,1),null!=gform.hooks[r][o]&&((o=gform.hooks[r][o]).sort(function(o,r){return o.priority-r.priority}),o.forEach(function(o){\"function\"!=typeof(t=o.callable)&&(t=window[t]),\"action\"==r?t.apply(null,e):e[0]=t.apply(null,e)})),\"filter\"==r)return e[0]},removeHook:function(o,r,t,n){var e;null!=gform.hooks[o][r]&&(e=(e=gform.hooks[o][r]).filter(function(o,r,e){return!!(null!=n&&n!=o.tag||null!=t&&t!=o.priority)}),gform.hooks[o][r]=e)}});\n<\/script>\n\n                <div class='gf_browser_gecko gform_wrapper gform_legacy_markup_wrapper gform-theme--no-framework' data-form-theme='legacy' data-form-index='0' id='gform_wrapper_11' >\n                        <div class='gform_heading'>\n                            <p class='gform_description'><\/p>\n                        <\/div><form method='post' enctype='multipart\/form-data'  id='gform_11'  action='\/de\/wp-json\/wp\/v2\/pages\/82178' data-formid='11' novalidate>\n                        <div class='gform-body gform_body'><ul id='gform_fields_11' class='gform_fields top_label form_sublabel_below description_below validation_below'><li id=\"field_11_2\" class=\"gfield gfield--type-text gfield_contains_required field_sublabel_below gfield--no-description field_description_below field_validation_below gfield_visibility_visible\"  ><label class='gfield_label gform-field-label' for='input_11_2'>Name und Vorname<span class=\"gfield_required\"><span class=\"gfield_required gfield_required_asterisk\">*<\/span><\/span><\/label><div class='ginput_container ginput_container_text'><input name='input_2' id='input_11_2' type='text' value='' class='medium'     aria-required=\"true\" aria-invalid=\"false\"   \/><\/div><\/li><li id=\"field_11_5\" class=\"gfield gfield--type-text field_sublabel_below gfield--no-description field_description_below field_validation_below gfield_visibility_visible\"  ><label class='gfield_label gform-field-label' for='input_11_5'>Firma<\/label><div class='ginput_container ginput_container_text'><input name='input_5' id='input_11_5' type='text' value='' class='medium'      aria-invalid=\"false\"   \/><\/div><\/li><li id=\"field_11_3\" class=\"gfield gfield--type-email gfield_contains_required field_sublabel_below gfield--no-description field_description_below field_validation_below gfield_visibility_visible\"  ><label class='gfield_label gform-field-label' for='input_11_3'>E-mail<span class=\"gfield_required\"><span class=\"gfield_required gfield_required_asterisk\">*<\/span><\/span><\/label><div class='ginput_container ginput_container_email'>\n                            <input name='input_3' id='input_11_3' type='email' value='' class='medium'    aria-required=\"true\" aria-invalid=\"false\"  \/>\n                        <\/div><\/li><li id=\"field_11_6\" class=\"gfield gfield--type-phone field_sublabel_below gfield--no-description field_description_below field_validation_below gfield_visibility_visible\"  ><label class='gfield_label gform-field-label' for='input_11_6'>Telefonnummer<\/label><div class='ginput_container ginput_container_phone'><input name='input_6' id='input_11_6' type='tel' value='' class='medium'    aria-invalid=\"false\"   \/><\/div><\/li><li id=\"field_11_1\" class=\"gfield gfield--type-textarea gfield_contains_required field_sublabel_below gfield--no-description field_description_below field_validation_below gfield_visibility_visible\"  ><label class='gfield_label gform-field-label' for='input_11_1'>Ihre Nachricht (Beschreiben Sie Ihr Projekt in wenigen Worten (Anzahl an gew\u00fcnschten Paketen, Lieferort usw.):<span class=\"gfield_required\"><span class=\"gfield_required gfield_required_asterisk\">*<\/span><\/span><\/label><div class='ginput_container ginput_container_textarea'><textarea name='input_1' id='input_11_1' class='textarea medium'     aria-required=\"true\" aria-invalid=\"false\"   rows='10' cols='50'><\/textarea><\/div><\/li><li id=\"field_11_4\" class=\"gfield gfield--type-captcha field_sublabel_below gfield--no-description field_description_below field_validation_below gfield_visibility_visible\"  ><label class='gfield_label gform-field-label' for='input_11_4'>CAPTCHA<\/label><div id='input_11_4' class='ginput_container ginput_recaptcha' data-sitekey='6LctYGcUAAAAABpO1dQGXm92HkazSSDvB7BuBUpL'  data-theme='light' data-tabindex='0'  data-badge=''><\/div><\/li><\/ul><\/div>\n        <div class='gform-footer gform_footer top_label'> <input type='submit' id='gform_submit_button_11' class='gform_button button' onclick='gform.submission.handleButtonClick(this);' data-submission-type='submit' value='Senden'  \/> \n            <input type='hidden' class='gform_hidden' name='gform_submission_method' data-js='gform_submission_method_11' value='postback' \/>\n            <input type='hidden' class='gform_hidden' name='gform_theme' data-js='gform_theme_11' id='gform_theme_11' value='legacy' \/>\n            <input type='hidden' class='gform_hidden' name='gform_style_settings' data-js='gform_style_settings_11' id='gform_style_settings_11' value='[]' \/>\n            <input type='hidden' class='gform_hidden' name='is_submit_11' value='1' \/>\n            <input type='hidden' class='gform_hidden' name='gform_submit' value='11' \/>\n            \n            <input type='hidden' class='gform_hidden' name='gform_currency' data-currency='CHF' value='08liy3ZLcCW7V2DUA+rmA6Jl0durzmXx3wGN6wcIzKbiM0Qmq0OO6dDg78QBpxK6eQwbAOv8JnNpuSb8NIgxAk6dL1OKkUVuVOLZOG1A87hIz\/E=' \/>\n            <input type='hidden' class='gform_hidden' name='gform_unique_id' value='' \/>\n            <input type='hidden' class='gform_hidden' name='state_11' value='WyJbXSIsImFhNTdjNDA5NjQyYjdiNWM4YmI0ZjJmODk4Y2M2ZTk3Il0=' \/>\n            <input type='hidden' autocomplete='off' class='gform_hidden' name='gform_target_page_number_11' id='gform_target_page_number_11' value='0' \/>\n            <input type='hidden' autocomplete='off' class='gform_hidden' name='gform_source_page_number_11' id='gform_source_page_number_11' value='1' \/>\n            <input type='hidden' name='gform_field_values' value='' \/>\n            \n        <\/div>\n                        <\/form>\n                        <\/div><script>\ngform.initializeOnLoaded( function() {gformInitSpinner( 11, 'https:\/\/smartbeer.ch\/wp-content\/plugins\/gravityforms\/images\/spinner.svg', true );jQuery('#gform_ajax_frame_11').on('load',function(){var contents = jQuery(this).contents().find('*').html();var is_postback = contents.indexOf('GF_AJAX_POSTBACK') >= 0;if(!is_postback){return;}var form_content = jQuery(this).contents().find('#gform_wrapper_11');var is_confirmation = jQuery(this).contents().find('#gform_confirmation_wrapper_11').length > 0;var is_redirect = contents.indexOf('gformRedirect(){') >= 0;var is_form = form_content.length > 0 && ! is_redirect && ! is_confirmation;var mt = parseInt(jQuery('html').css('margin-top'), 10) + parseInt(jQuery('body').css('margin-top'), 10) + 100;if(is_form){jQuery('#gform_wrapper_11').html(form_content.html());if(form_content.hasClass('gform_validation_error')){jQuery('#gform_wrapper_11').addClass('gform_validation_error');} else {jQuery('#gform_wrapper_11').removeClass('gform_validation_error');}setTimeout( function() { \/* delay the scroll by 50 milliseconds to fix a bug in chrome *\/  }, 50 );if(window['gformInitDatepicker']) {gformInitDatepicker();}if(window['gformInitPriceFields']) {gformInitPriceFields();}var current_page = jQuery('#gform_source_page_number_11').val();gformInitSpinner( 11, 'https:\/\/smartbeer.ch\/wp-content\/plugins\/gravityforms\/images\/spinner.svg', true );jQuery(document).trigger('gform_page_loaded', [11, current_page]);window['gf_submitting_11'] = false;}else if(!is_redirect){var confirmation_content = jQuery(this).contents().find('.GF_AJAX_POSTBACK').html();if(!confirmation_content){confirmation_content = contents;}jQuery('#gform_wrapper_11').replaceWith(confirmation_content);jQuery(document).trigger('gform_confirmation_loaded', [11]);window['gf_submitting_11'] = false;wp.a11y.speak(jQuery('#gform_confirmation_message_11').text());}else{jQuery('#gform_11').append(contents);if(window['gformRedirect']) {gformRedirect();}}jQuery(document).trigger(\"gform_pre_post_render\", [{ formId: \"11\", currentPage: \"current_page\", abort: function() { this.preventDefault(); } }]);        if (event && event.defaultPrevented) {                return;        }        const gformWrapperDiv = document.getElementById( \"gform_wrapper_11\" );        if ( gformWrapperDiv ) {            const visibilitySpan = document.createElement( \"span\" );            visibilitySpan.id = \"gform_visibility_test_11\";            gformWrapperDiv.insertAdjacentElement( \"afterend\", visibilitySpan );        }        const visibilityTestDiv = document.getElementById( \"gform_visibility_test_11\" );        let postRenderFired = false;        function triggerPostRender() {            if ( postRenderFired ) {                return;            }            postRenderFired = true;            gform.core.triggerPostRenderEvents( 11, current_page );            if ( visibilityTestDiv ) {                visibilityTestDiv.parentNode.removeChild( visibilityTestDiv );            }        }        function debounce( func, wait, immediate ) {            var timeout;            return function() {                var context = this, args = arguments;                var later = function() {                    timeout = null;                    if ( !immediate ) func.apply( context, args );                };                var callNow = immediate && !timeout;                clearTimeout( timeout );                timeout = setTimeout( later, wait );                if ( callNow ) func.apply( context, args );            };        }        const debouncedTriggerPostRender = debounce( function() {            triggerPostRender();        }, 200 );        if ( visibilityTestDiv && visibilityTestDiv.offsetParent === null ) {            const observer = new MutationObserver( ( mutations ) => {                mutations.forEach( ( mutation ) => {                    if ( mutation.type === 'attributes' && visibilityTestDiv.offsetParent !== null ) {                        debouncedTriggerPostRender();                        observer.disconnect();                    }                });            });            observer.observe( document.body, {                attributes: true,                childList: false,                subtree: true,                attributeFilter: [ 'style', 'class' ],            });        } else {            triggerPostRender();        }    } );} );\n<\/script>\n\n","protected":false},"excerpt":{"rendered":"<p>Die Bierindustrie ist ideal f\u00fcr viele einzigartige und originelle Erlebnisse. Abh\u00e4ngig von der Teilnehmerzahl und der zur Verf\u00fcgung stehenden Zeit k\u00f6nnen Sie bei einem professionellen Sommelier lernen, eine Brauerei zu besuchen oder sogar Ihr eigenes Bier herzustellen. Ein perfekter freundlicher Moment f\u00fcr Partys oder Teambuilding. Verkostungsworkshops Beginnen Sie mit der Verkostung, indem Sie eine feine [&hellip;]<\/p>\n","protected":false},"author":2,"featured_media":0,"parent":0,"menu_order":0,"comment_status":"closed","ping_status":"closed","template":"template-contact.php","meta":{"_acf_changed":false,"footnotes":""},"class_list":["post-82178","page","type-page","status-publish","hentry"],"acf":[],"yoast_head":"<!-- This site is optimized with the Yoast SEO plugin v26.8 - https:\/\/yoast.com\/product\/yoast-seo-wordpress\/ -->\n<title>ERLEBNISSE UND VERANSTALTUNGEN RUND UMS BIER - Smartbeer<\/title>\n<meta name=\"robots\" content=\"index, follow, max-snippet:-1, max-image-preview:large, max-video-preview:-1\" \/>\n<link rel=\"canonical\" href=\"https:\/\/smartbeer.ch\/de\/erlebnisse-und-veranstaltungen-rund-ums-bier\/\" \/>\n<meta property=\"og:locale\" content=\"de_DE\" \/>\n<meta property=\"og:type\" content=\"article\" \/>\n<meta property=\"og:title\" content=\"ERLEBNISSE UND VERANSTALTUNGEN RUND UMS BIER - Smartbeer\" \/>\n<meta property=\"og:description\" content=\"Die Bierindustrie ist ideal f\u00fcr viele einzigartige und originelle Erlebnisse. Abh\u00e4ngig von der Teilnehmerzahl und der zur Verf\u00fcgung stehenden Zeit k\u00f6nnen Sie bei einem professionellen Sommelier lernen, eine Brauerei zu besuchen oder sogar Ihr eigenes Bier herzustellen. Ein perfekter freundlicher Moment f\u00fcr Partys oder Teambuilding. Verkostungsworkshops Beginnen Sie mit der Verkostung, indem Sie eine feine [&hellip;]\" \/>\n<meta property=\"og:url\" content=\"https:\/\/smartbeer.ch\/de\/erlebnisse-und-veranstaltungen-rund-ums-bier\/\" \/>\n<meta property=\"og:site_name\" content=\"Smartbeer\" \/>\n<meta property=\"article:modified_time\" content=\"2019-09-01T16:02:14+00:00\" \/>\n<meta property=\"og:image\" content=\"https:\/\/smartbeer.ch\/wp-content\/uploads\/2019\/08\/tasting-300x200.png\" \/>\n<meta name=\"twitter:card\" content=\"summary_large_image\" \/>\n<meta name=\"twitter:label1\" content=\"Gesch\u00e4tzte Lesezeit\" \/>\n\t<meta name=\"twitter:data1\" content=\"1\u00a0Minute\" \/>\n<script type=\"application\/ld+json\" class=\"yoast-schema-graph\">{\"@context\":\"https:\/\/schema.org\",\"@graph\":[{\"@type\":\"WebPage\",\"@id\":\"https:\/\/smartbeer.ch\/de\/erlebnisse-und-veranstaltungen-rund-ums-bier\/\",\"url\":\"https:\/\/smartbeer.ch\/de\/erlebnisse-und-veranstaltungen-rund-ums-bier\/\",\"name\":\"ERLEBNISSE UND VERANSTALTUNGEN RUND UMS BIER - Smartbeer\",\"isPartOf\":{\"@id\":\"https:\/\/smartbeer.ch\/#website\"},\"primaryImageOfPage\":{\"@id\":\"https:\/\/smartbeer.ch\/de\/erlebnisse-und-veranstaltungen-rund-ums-bier\/#primaryimage\"},\"image\":{\"@id\":\"https:\/\/smartbeer.ch\/de\/erlebnisse-und-veranstaltungen-rund-ums-bier\/#primaryimage\"},\"thumbnailUrl\":\"https:\/\/smartbeer.ch\/wp-content\/uploads\/2019\/08\/tasting-300x200.png\",\"datePublished\":\"2019-08-31T13:27:04+00:00\",\"dateModified\":\"2019-09-01T16:02:14+00:00\",\"breadcrumb\":{\"@id\":\"https:\/\/smartbeer.ch\/de\/erlebnisse-und-veranstaltungen-rund-ums-bier\/#breadcrumb\"},\"inLanguage\":\"de\",\"potentialAction\":[{\"@type\":\"ReadAction\",\"target\":[\"https:\/\/smartbeer.ch\/de\/erlebnisse-und-veranstaltungen-rund-ums-bier\/\"]}]},{\"@type\":\"ImageObject\",\"inLanguage\":\"de\",\"@id\":\"https:\/\/smartbeer.ch\/de\/erlebnisse-und-veranstaltungen-rund-ums-bier\/#primaryimage\",\"url\":\"https:\/\/smartbeer.ch\/wp-content\/uploads\/2019\/08\/tasting-300x200.png\",\"contentUrl\":\"https:\/\/smartbeer.ch\/wp-content\/uploads\/2019\/08\/tasting-300x200.png\"},{\"@type\":\"BreadcrumbList\",\"@id\":\"https:\/\/smartbeer.ch\/de\/erlebnisse-und-veranstaltungen-rund-ums-bier\/#breadcrumb\",\"itemListElement\":[{\"@type\":\"ListItem\",\"position\":1,\"name\":\"Accueil\",\"item\":\"https:\/\/smartbeer.ch\/de\/\"},{\"@type\":\"ListItem\",\"position\":2,\"name\":\"ERLEBNISSE UND VERANSTALTUNGEN RUND UMS BIER\"}]},{\"@type\":\"WebSite\",\"@id\":\"https:\/\/smartbeer.ch\/#website\",\"url\":\"https:\/\/smartbeer.ch\/\",\"name\":\"Smartbeer\",\"description\":\"Entdecken Schweizer Biere \u00fcber eine monatliche Abo. Idee f\u00fcr ein Geschenk, um sich selbst zu geben oder. Jeden Monat entdecken Sie neue Biere.\",\"publisher\":{\"@id\":\"https:\/\/smartbeer.ch\/#organization\"},\"potentialAction\":[{\"@type\":\"SearchAction\",\"target\":{\"@type\":\"EntryPoint\",\"urlTemplate\":\"https:\/\/smartbeer.ch\/?s={search_term_string}\"},\"query-input\":{\"@type\":\"PropertyValueSpecification\",\"valueRequired\":true,\"valueName\":\"search_term_string\"}}],\"inLanguage\":\"de\"},{\"@type\":\"Organization\",\"@id\":\"https:\/\/smartbeer.ch\/#organization\",\"name\":\"SmartDistribution\",\"url\":\"https:\/\/smartbeer.ch\/\",\"logo\":{\"@type\":\"ImageObject\",\"inLanguage\":\"de\",\"@id\":\"https:\/\/smartbeer.ch\/#\/schema\/logo\/image\/\",\"url\":\"https:\/\/smartbeer.ch\/wp-content\/uploads\/2015\/09\/smartbeer_logo1.png\",\"contentUrl\":\"https:\/\/smartbeer.ch\/wp-content\/uploads\/2015\/09\/smartbeer_logo1.png\",\"width\":194,\"height\":83,\"caption\":\"SmartDistribution\"},\"image\":{\"@id\":\"https:\/\/smartbeer.ch\/#\/schema\/logo\/image\/\"}}]}<\/script>\n<!-- \/ Yoast SEO plugin. -->","yoast_head_json":{"title":"ERLEBNISSE UND VERANSTALTUNGEN RUND UMS BIER - Smartbeer","robots":{"index":"index","follow":"follow","max-snippet":"max-snippet:-1","max-image-preview":"max-image-preview:large","max-video-preview":"max-video-preview:-1"},"canonical":"https:\/\/smartbeer.ch\/de\/erlebnisse-und-veranstaltungen-rund-ums-bier\/","og_locale":"de_DE","og_type":"article","og_title":"ERLEBNISSE UND VERANSTALTUNGEN RUND UMS BIER - Smartbeer","og_description":"Die Bierindustrie ist ideal f\u00fcr viele einzigartige und originelle Erlebnisse. Abh\u00e4ngig von der Teilnehmerzahl und der zur Verf\u00fcgung stehenden Zeit k\u00f6nnen Sie bei einem professionellen Sommelier lernen, eine Brauerei zu besuchen oder sogar Ihr eigenes Bier herzustellen. Ein perfekter freundlicher Moment f\u00fcr Partys oder Teambuilding. Verkostungsworkshops Beginnen Sie mit der Verkostung, indem Sie eine feine [&hellip;]","og_url":"https:\/\/smartbeer.ch\/de\/erlebnisse-und-veranstaltungen-rund-ums-bier\/","og_site_name":"Smartbeer","article_modified_time":"2019-09-01T16:02:14+00:00","og_image":[{"url":"https:\/\/smartbeer.ch\/wp-content\/uploads\/2019\/08\/tasting-300x200.png","type":"","width":"","height":""}],"twitter_card":"summary_large_image","twitter_misc":{"Gesch\u00e4tzte Lesezeit":"1\u00a0Minute"},"schema":{"@context":"https:\/\/schema.org","@graph":[{"@type":"WebPage","@id":"https:\/\/smartbeer.ch\/de\/erlebnisse-und-veranstaltungen-rund-ums-bier\/","url":"https:\/\/smartbeer.ch\/de\/erlebnisse-und-veranstaltungen-rund-ums-bier\/","name":"ERLEBNISSE UND VERANSTALTUNGEN RUND UMS BIER - Smartbeer","isPartOf":{"@id":"https:\/\/smartbeer.ch\/#website"},"primaryImageOfPage":{"@id":"https:\/\/smartbeer.ch\/de\/erlebnisse-und-veranstaltungen-rund-ums-bier\/#primaryimage"},"image":{"@id":"https:\/\/smartbeer.ch\/de\/erlebnisse-und-veranstaltungen-rund-ums-bier\/#primaryimage"},"thumbnailUrl":"https:\/\/smartbeer.ch\/wp-content\/uploads\/2019\/08\/tasting-300x200.png","datePublished":"2019-08-31T13:27:04+00:00","dateModified":"2019-09-01T16:02:14+00:00","breadcrumb":{"@id":"https:\/\/smartbeer.ch\/de\/erlebnisse-und-veranstaltungen-rund-ums-bier\/#breadcrumb"},"inLanguage":"de","potentialAction":[{"@type":"ReadAction","target":["https:\/\/smartbeer.ch\/de\/erlebnisse-und-veranstaltungen-rund-ums-bier\/"]}]},{"@type":"ImageObject","inLanguage":"de","@id":"https:\/\/smartbeer.ch\/de\/erlebnisse-und-veranstaltungen-rund-ums-bier\/#primaryimage","url":"https:\/\/smartbeer.ch\/wp-content\/uploads\/2019\/08\/tasting-300x200.png","contentUrl":"https:\/\/smartbeer.ch\/wp-content\/uploads\/2019\/08\/tasting-300x200.png"},{"@type":"BreadcrumbList","@id":"https:\/\/smartbeer.ch\/de\/erlebnisse-und-veranstaltungen-rund-ums-bier\/#breadcrumb","itemListElement":[{"@type":"ListItem","position":1,"name":"Accueil","item":"https:\/\/smartbeer.ch\/de\/"},{"@type":"ListItem","position":2,"name":"ERLEBNISSE UND VERANSTALTUNGEN RUND UMS BIER"}]},{"@type":"WebSite","@id":"https:\/\/smartbeer.ch\/#website","url":"https:\/\/smartbeer.ch\/","name":"Smartbeer","description":"Entdecken Schweizer Biere \u00fcber eine monatliche Abo. Idee f\u00fcr ein Geschenk, um sich selbst zu geben oder. Jeden Monat entdecken Sie neue Biere.","publisher":{"@id":"https:\/\/smartbeer.ch\/#organization"},"potentialAction":[{"@type":"SearchAction","target":{"@type":"EntryPoint","urlTemplate":"https:\/\/smartbeer.ch\/?s={search_term_string}"},"query-input":{"@type":"PropertyValueSpecification","valueRequired":true,"valueName":"search_term_string"}}],"inLanguage":"de"},{"@type":"Organization","@id":"https:\/\/smartbeer.ch\/#organization","name":"SmartDistribution","url":"https:\/\/smartbeer.ch\/","logo":{"@type":"ImageObject","inLanguage":"de","@id":"https:\/\/smartbeer.ch\/#\/schema\/logo\/image\/","url":"https:\/\/smartbeer.ch\/wp-content\/uploads\/2015\/09\/smartbeer_logo1.png","contentUrl":"https:\/\/smartbeer.ch\/wp-content\/uploads\/2015\/09\/smartbeer_logo1.png","width":194,"height":83,"caption":"SmartDistribution"},"image":{"@id":"https:\/\/smartbeer.ch\/#\/schema\/logo\/image\/"}}]}},"_links":{"self":[{"href":"https:\/\/smartbeer.ch\/de\/wp-json\/wp\/v2\/pages\/82178","targetHints":{"allow":["GET"]}}],"collection":[{"href":"https:\/\/smartbeer.ch\/de\/wp-json\/wp\/v2\/pages"}],"about":[{"href":"https:\/\/smartbeer.ch\/de\/wp-json\/wp\/v2\/types\/page"}],"author":[{"embeddable":true,"href":"https:\/\/smartbeer.ch\/de\/wp-json\/wp\/v2\/users\/2"}],"replies":[{"embeddable":true,"href":"https:\/\/smartbeer.ch\/de\/wp-json\/wp\/v2\/comments?post=82178"}],"version-history":[{"count":0,"href":"https:\/\/smartbeer.ch\/de\/wp-json\/wp\/v2\/pages\/82178\/revisions"}],"wp:attachment":[{"href":"https:\/\/smartbeer.ch\/de\/wp-json\/wp\/v2\/media?parent=82178"}],"curies":[{"name":"wp","href":"https:\/\/api.w.org\/{rel}","templated":true}]}}