{"id":82141,"date":"2019-08-31T13:18:45","date_gmt":"2019-08-31T12:18:45","guid":{"rendered":"https:\/\/smartbeer.ch\/?page_id=82141"},"modified":"2019-08-31T14:35:44","modified_gmt":"2019-08-31T13:35:44","slug":"personalisierte-biere","status":"publish","type":"page","link":"https:\/\/smartbeer.ch\/de\/personalisierte-biere\/","title":{"rendered":"Personalisierte Biere"},"content":{"rendered":"<p><strong>Craft-Biere mit personalisierten Etiketten verfehlen nie ihre Wirkung. Massgeschneiderte Biere werden besonders als Werbegeschenke oder bei Veranstaltungen gesch\u00e4tzt. Sie w\u00e4hlen die Biersorte aus, das Rezept und individualisieren das Etikett mit Ihrem Bild.<\/strong><\/p>\n<p>&nbsp;<\/p>\n<p><a href=\"https:\/\/smartbeer.ch\/wp-content\/uploads\/2019\/08\/beer-label.png\"><img decoding=\"async\" class=\"alignnone wp-image-82142 size-full\" src=\"https:\/\/smartbeer.ch\/wp-content\/uploads\/2019\/08\/beer-label.png\" alt=\"\" width=\"600\" height=\"400\" srcset=\"https:\/\/smartbeer.ch\/wp-content\/uploads\/2019\/08\/beer-label.png 600w, https:\/\/smartbeer.ch\/wp-content\/uploads\/2019\/08\/beer-label-300x200.png 300w, https:\/\/smartbeer.ch\/wp-content\/uploads\/2019\/08\/beer-label-250x167.png 250w, https:\/\/smartbeer.ch\/wp-content\/uploads\/2019\/08\/beer-label-100x67.png 100w, https:\/\/smartbeer.ch\/wp-content\/uploads\/2019\/08\/beer-label-150x100.png 150w, https:\/\/smartbeer.ch\/wp-content\/uploads\/2019\/08\/beer-label-400x267.png 400w, https:\/\/smartbeer.ch\/wp-content\/uploads\/2019\/08\/beer-label-180x120.png 180w\" sizes=\"(max-width: 600px) 100vw, 600px\" \/><\/a><\/p>\n<p>Sie m\u00f6chten ein massgeschneidertes Bier in Ihren Farben erschaffen. SmartBeer unterst\u00fctzt Sie als Experte bei Ihren Massnahmen mit einem Hintergrund von mehr als 7 Jahren Zusammenarbeit mit einer Vielzahl von Schweizer Mikrobrauereien. Wir w\u00e4hlen f\u00fcr Sie die Biere aus, die Ihren Kriterien entsprechen: Geschmacksrichtungen, Region und Besonderheiten.<\/p>\n<p><strong>Etikettengestaltung eines personalisierten Biers<\/strong><\/p>\n<p>Sie k\u00f6nnen uns f\u00fcr Ihr Projekt das Design des gew\u00fcnschten Etiketts entweder mit einem vordefinierten Template vorlegen oder wir k\u00f6nnen auch, je nach Bedarf, einen unserer professionellen Grafiker mit der Gestaltung beauftragen.<\/p>\n<p><strong>Personalisierte Biere<\/strong><\/p>\n<p>Je nach Ihren Vorlieben: Biersorte, Region, Zutaten und Lieferfristen bieten wir Ihnen eines oder mehrere Biere an, die auch aus unterschiedlichen Brauereien stammen k\u00f6nnen. Wir organisieren das ganze Projekt zusammen mit der ausgew\u00e4hlten Brauerei bis hin zur Auslieferung.<\/p>\n<p><strong>Preise und Lieferfristen<\/strong><\/p>\n<p>Der Preis h\u00e4ngt von der bestellten Menge ab sowie von der gew\u00fcnschten Biersorte. F\u00fcr ein Bier mit personalisiertem Etikett sollte man grunds\u00e4tzlich mit zwischen CHF 3.- und CHF 5.- pro Flasche rechnen, ohne Berechnung des Preises f\u00fcr die Gestaltung des Etiketts, die zu einem Pauschalpreis von CHF 300.- umgesetzt werden kann. Bez\u00fcglich der Lieferzeit muss man mit drei Monaten rechnen ab der Auswahl der Brauerei bis hin zur Auslieferung. Dies ist ein v\u00f6lliger Richtwert, da die Frist von vielen Variablen abh\u00e4ngt (Bier, Freigabe des Designs und Lieferort).<\/p>\n<p><strong>Bitten Sie uns um ein unverbindliches Angebot<\/strong><\/p>\n<script>\nvar gform;gform||(document.addEventListener(\"gform_main_scripts_loaded\",function(){gform.scriptsLoaded=!0}),document.addEventListener(\"gform\/theme\/scripts_loaded\",function(){gform.themeScriptsLoaded=!0}),window.addEventListener(\"DOMContentLoaded\",function(){gform.domLoaded=!0}),gform={domLoaded:!1,scriptsLoaded:!1,themeScriptsLoaded:!1,isFormEditor:()=>\"function\"==typeof InitializeEditor,callIfLoaded:function(o){return!(!gform.domLoaded||!gform.scriptsLoaded||!gform.themeScriptsLoaded&&!gform.isFormEditor()||(gform.isFormEditor()&&console.warn(\"The use of gform.initializeOnLoaded() is deprecated in the form editor context and will be removed in Gravity Forms 3.1.\"),o(),0))},initializeOnLoaded:function(o){gform.callIfLoaded(o)||(document.addEventListener(\"gform_main_scripts_loaded\",()=>{gform.scriptsLoaded=!0,gform.callIfLoaded(o)}),document.addEventListener(\"gform\/theme\/scripts_loaded\",()=>{gform.themeScriptsLoaded=!0,gform.callIfLoaded(o)}),window.addEventListener(\"DOMContentLoaded\",()=>{gform.domLoaded=!0,gform.callIfLoaded(o)}))},hooks:{action:{},filter:{}},addAction:function(o,r,e,t){gform.addHook(\"action\",o,r,e,t)},addFilter:function(o,r,e,t){gform.addHook(\"filter\",o,r,e,t)},doAction:function(o){gform.doHook(\"action\",o,arguments)},applyFilters:function(o){return gform.doHook(\"filter\",o,arguments)},removeAction:function(o,r){gform.removeHook(\"action\",o,r)},removeFilter:function(o,r,e){gform.removeHook(\"filter\",o,r,e)},addHook:function(o,r,e,t,n){null==gform.hooks[o][r]&&(gform.hooks[o][r]=[]);var d=gform.hooks[o][r];null==n&&(n=r+\"_\"+d.length),gform.hooks[o][r].push({tag:n,callable:e,priority:t=null==t?10:t})},doHook:function(r,o,e){var t;if(e=Array.prototype.slice.call(e,1),null!=gform.hooks[r][o]&&((o=gform.hooks[r][o]).sort(function(o,r){return o.priority-r.priority}),o.forEach(function(o){\"function\"!=typeof(t=o.callable)&&(t=window[t]),\"action\"==r?t.apply(null,e):e[0]=t.apply(null,e)})),\"filter\"==r)return e[0]},removeHook:function(o,r,t,n){var e;null!=gform.hooks[o][r]&&(e=(e=gform.hooks[o][r]).filter(function(o,r,e){return!!(null!=n&&n!=o.tag||null!=t&&t!=o.priority)}),gform.hooks[o][r]=e)}});\n<\/script>\n\n                <div class='gf_browser_gecko gform_wrapper gform_legacy_markup_wrapper gform-theme--no-framework' data-form-theme='legacy' data-form-index='0' id='gform_wrapper_11' >\n                        <div class='gform_heading'>\n                            <p class='gform_description'><\/p>\n                        <\/div><form method='post' enctype='multipart\/form-data'  id='gform_11'  action='\/de\/wp-json\/wp\/v2\/pages\/82141' data-formid='11' novalidate>\n                        <div class='gform-body gform_body'><ul id='gform_fields_11' class='gform_fields top_label form_sublabel_below description_below validation_below'><li id=\"field_11_2\" class=\"gfield gfield--type-text gfield_contains_required field_sublabel_below gfield--no-description field_description_below field_validation_below gfield_visibility_visible\"  ><label class='gfield_label gform-field-label' for='input_11_2'>Name und Vorname<span class=\"gfield_required\"><span class=\"gfield_required gfield_required_asterisk\">*<\/span><\/span><\/label><div class='ginput_container ginput_container_text'><input name='input_2' id='input_11_2' type='text' value='' class='medium'     aria-required=\"true\" aria-invalid=\"false\"   \/><\/div><\/li><li id=\"field_11_5\" class=\"gfield gfield--type-text field_sublabel_below gfield--no-description field_description_below field_validation_below gfield_visibility_visible\"  ><label class='gfield_label gform-field-label' for='input_11_5'>Firma<\/label><div class='ginput_container ginput_container_text'><input name='input_5' id='input_11_5' type='text' value='' class='medium'      aria-invalid=\"false\"   \/><\/div><\/li><li id=\"field_11_3\" class=\"gfield gfield--type-email gfield_contains_required field_sublabel_below gfield--no-description field_description_below field_validation_below gfield_visibility_visible\"  ><label class='gfield_label gform-field-label' for='input_11_3'>E-mail<span class=\"gfield_required\"><span class=\"gfield_required gfield_required_asterisk\">*<\/span><\/span><\/label><div class='ginput_container ginput_container_email'>\n                            <input name='input_3' id='input_11_3' type='email' value='' class='medium'    aria-required=\"true\" aria-invalid=\"false\"  \/>\n                        <\/div><\/li><li id=\"field_11_6\" class=\"gfield gfield--type-phone field_sublabel_below gfield--no-description field_description_below field_validation_below gfield_visibility_visible\"  ><label class='gfield_label gform-field-label' for='input_11_6'>Telefonnummer<\/label><div class='ginput_container ginput_container_phone'><input name='input_6' id='input_11_6' type='tel' value='' class='medium'    aria-invalid=\"false\"   \/><\/div><\/li><li id=\"field_11_1\" class=\"gfield gfield--type-textarea gfield_contains_required field_sublabel_below gfield--no-description field_description_below field_validation_below gfield_visibility_visible\"  ><label class='gfield_label gform-field-label' for='input_11_1'>Ihre Nachricht (Beschreiben Sie Ihr Projekt in wenigen Worten (Anzahl an gew\u00fcnschten Paketen, Lieferort usw.):<span class=\"gfield_required\"><span class=\"gfield_required gfield_required_asterisk\">*<\/span><\/span><\/label><div class='ginput_container ginput_container_textarea'><textarea name='input_1' id='input_11_1' class='textarea medium'     aria-required=\"true\" aria-invalid=\"false\"   rows='10' cols='50'><\/textarea><\/div><\/li><li id=\"field_11_4\" class=\"gfield gfield--type-captcha field_sublabel_below gfield--no-description field_description_below field_validation_below gfield_visibility_visible\"  ><label class='gfield_label gform-field-label' for='input_11_4'>CAPTCHA<\/label><div id='input_11_4' class='ginput_container ginput_recaptcha' data-sitekey='6LctYGcUAAAAABpO1dQGXm92HkazSSDvB7BuBUpL'  data-theme='light' data-tabindex='0'  data-badge=''><\/div><\/li><\/ul><\/div>\n        <div class='gform-footer gform_footer top_label'> <input type='submit' id='gform_submit_button_11' class='gform_button button' onclick='gform.submission.handleButtonClick(this);' data-submission-type='submit' value='Senden'  \/> \n            <input type='hidden' class='gform_hidden' name='gform_submission_method' data-js='gform_submission_method_11' value='postback' \/>\n            <input type='hidden' class='gform_hidden' name='gform_theme' data-js='gform_theme_11' id='gform_theme_11' value='legacy' \/>\n            <input type='hidden' class='gform_hidden' name='gform_style_settings' data-js='gform_style_settings_11' id='gform_style_settings_11' value='[]' \/>\n            <input type='hidden' class='gform_hidden' name='is_submit_11' value='1' \/>\n            <input type='hidden' class='gform_hidden' name='gform_submit' value='11' \/>\n            \n            <input type='hidden' class='gform_hidden' name='gform_currency' data-currency='CHF' value='LETA4R6pJcMyKPeaEr5zsUEhhs785wptNtZxSdAVwsoxE0JrNhX45vkko9nOHbUi61SS1LnFrtivT3Yv7u6jZZazW\/RquZlN+FtLZpLkmnQonTg=' \/>\n            <input type='hidden' class='gform_hidden' name='gform_unique_id' value='' \/>\n            <input type='hidden' class='gform_hidden' name='state_11' value='WyJbXSIsImFhNTdjNDA5NjQyYjdiNWM4YmI0ZjJmODk4Y2M2ZTk3Il0=' \/>\n            <input type='hidden' autocomplete='off' class='gform_hidden' name='gform_target_page_number_11' id='gform_target_page_number_11' value='0' \/>\n            <input type='hidden' autocomplete='off' class='gform_hidden' name='gform_source_page_number_11' id='gform_source_page_number_11' value='1' \/>\n            <input type='hidden' name='gform_field_values' value='' \/>\n            \n        <\/div>\n                        <\/form>\n                        <\/div><script>\ngform.initializeOnLoaded( function() {gformInitSpinner( 11, 'https:\/\/smartbeer.ch\/wp-content\/plugins\/gravityforms\/images\/spinner.svg', true );jQuery('#gform_ajax_frame_11').on('load',function(){var contents = jQuery(this).contents().find('*').html();var is_postback = contents.indexOf('GF_AJAX_POSTBACK') >= 0;if(!is_postback){return;}var form_content = jQuery(this).contents().find('#gform_wrapper_11');var is_confirmation = jQuery(this).contents().find('#gform_confirmation_wrapper_11').length > 0;var is_redirect = contents.indexOf('gformRedirect(){') >= 0;var is_form = form_content.length > 0 && ! is_redirect && ! is_confirmation;var mt = parseInt(jQuery('html').css('margin-top'), 10) + parseInt(jQuery('body').css('margin-top'), 10) + 100;if(is_form){jQuery('#gform_wrapper_11').html(form_content.html());if(form_content.hasClass('gform_validation_error')){jQuery('#gform_wrapper_11').addClass('gform_validation_error');} else {jQuery('#gform_wrapper_11').removeClass('gform_validation_error');}setTimeout( function() { \/* delay the scroll by 50 milliseconds to fix a bug in chrome *\/  }, 50 );if(window['gformInitDatepicker']) {gformInitDatepicker();}if(window['gformInitPriceFields']) {gformInitPriceFields();}var current_page = jQuery('#gform_source_page_number_11').val();gformInitSpinner( 11, 'https:\/\/smartbeer.ch\/wp-content\/plugins\/gravityforms\/images\/spinner.svg', true );jQuery(document).trigger('gform_page_loaded', [11, current_page]);window['gf_submitting_11'] = false;}else if(!is_redirect){var confirmation_content = jQuery(this).contents().find('.GF_AJAX_POSTBACK').html();if(!confirmation_content){confirmation_content = contents;}jQuery('#gform_wrapper_11').replaceWith(confirmation_content);jQuery(document).trigger('gform_confirmation_loaded', [11]);window['gf_submitting_11'] = false;wp.a11y.speak(jQuery('#gform_confirmation_message_11').text());}else{jQuery('#gform_11').append(contents);if(window['gformRedirect']) {gformRedirect();}}jQuery(document).trigger(\"gform_pre_post_render\", [{ formId: \"11\", currentPage: \"current_page\", abort: function() { this.preventDefault(); } }]);        if (event && event.defaultPrevented) {                return;        }        const gformWrapperDiv = document.getElementById( \"gform_wrapper_11\" );        if ( gformWrapperDiv ) {            const visibilitySpan = document.createElement( \"span\" );            visibilitySpan.id = \"gform_visibility_test_11\";            gformWrapperDiv.insertAdjacentElement( \"afterend\", visibilitySpan );        }        const visibilityTestDiv = document.getElementById( \"gform_visibility_test_11\" );        let postRenderFired = false;        function triggerPostRender() {            if ( postRenderFired ) {                return;            }            postRenderFired = true;            gform.core.triggerPostRenderEvents( 11, current_page );            if ( visibilityTestDiv ) {                visibilityTestDiv.parentNode.removeChild( visibilityTestDiv );            }        }        function debounce( func, wait, immediate ) {            var timeout;            return function() {                var context = this, args = arguments;                var later = function() {                    timeout = null;                    if ( !immediate ) func.apply( context, args );                };                var callNow = immediate && !timeout;                clearTimeout( timeout );                timeout = setTimeout( later, wait );                if ( callNow ) func.apply( context, args );            };        }        const debouncedTriggerPostRender = debounce( function() {            triggerPostRender();        }, 200 );        if ( visibilityTestDiv && visibilityTestDiv.offsetParent === null ) {            const observer = new MutationObserver( ( mutations ) => {                mutations.forEach( ( mutation ) => {                    if ( mutation.type === 'attributes' && visibilityTestDiv.offsetParent !== null ) {                        debouncedTriggerPostRender();                        observer.disconnect();                    }                });            });            observer.observe( document.body, {                attributes: true,                childList: false,                subtree: true,                attributeFilter: [ 'style', 'class' ],            });        } else {            triggerPostRender();        }    } );} );\n<\/script>\n\n","protected":false},"excerpt":{"rendered":"<p>Craft-Biere mit personalisierten Etiketten verfehlen nie ihre Wirkung. Massgeschneiderte Biere werden besonders als Werbegeschenke oder bei Veranstaltungen gesch\u00e4tzt. Sie w\u00e4hlen die Biersorte aus, das Rezept und individualisieren das Etikett mit Ihrem Bild. &nbsp; Sie m\u00f6chten ein massgeschneidertes Bier in Ihren Farben erschaffen. SmartBeer unterst\u00fctzt Sie als Experte bei Ihren Massnahmen mit einem Hintergrund von mehr [&hellip;]<\/p>\n","protected":false},"author":2,"featured_media":0,"parent":0,"menu_order":0,"comment_status":"closed","ping_status":"closed","template":"template-contact.php","meta":{"_acf_changed":false,"footnotes":""},"class_list":["post-82141","page","type-page","status-publish","hentry"],"acf":[],"yoast_head":"<!-- This site is optimized with the Yoast SEO plugin v27.5 - https:\/\/yoast.com\/product\/yoast-seo-wordpress\/ -->\n<title>Personalisierte Biere - Smartbeer<\/title>\n<meta name=\"robots\" content=\"index, follow, max-snippet:-1, max-image-preview:large, max-video-preview:-1\" \/>\n<link rel=\"canonical\" href=\"https:\/\/smartbeer.ch\/de\/personalisierte-biere\/\" \/>\n<meta property=\"og:locale\" content=\"de_DE\" \/>\n<meta property=\"og:type\" content=\"article\" \/>\n<meta property=\"og:title\" content=\"Personalisierte Biere - Smartbeer\" \/>\n<meta property=\"og:description\" content=\"Craft-Biere mit personalisierten Etiketten verfehlen nie ihre Wirkung. Massgeschneiderte Biere werden besonders als Werbegeschenke oder bei Veranstaltungen gesch\u00e4tzt. Sie w\u00e4hlen die Biersorte aus, das Rezept und individualisieren das Etikett mit Ihrem Bild. &nbsp; Sie m\u00f6chten ein massgeschneidertes Bier in Ihren Farben erschaffen. SmartBeer unterst\u00fctzt Sie als Experte bei Ihren Massnahmen mit einem Hintergrund von mehr [&hellip;]\" \/>\n<meta property=\"og:url\" content=\"https:\/\/smartbeer.ch\/de\/personalisierte-biere\/\" \/>\n<meta property=\"og:site_name\" content=\"Smartbeer\" \/>\n<meta property=\"article:modified_time\" content=\"2019-08-31T13:35:44+00:00\" \/>\n<meta property=\"og:image\" content=\"https:\/\/smartbeer.ch\/wp-content\/uploads\/2019\/08\/beer-label.png\" \/>\n<meta name=\"twitter:card\" content=\"summary_large_image\" \/>\n<meta name=\"twitter:label1\" content=\"Gesch\u00e4tzte Lesezeit\" \/>\n\t<meta name=\"twitter:data1\" content=\"1\u00a0Minute\" \/>\n<script type=\"application\/ld+json\" class=\"yoast-schema-graph\">{\"@context\":\"https:\\\/\\\/schema.org\",\"@graph\":[{\"@type\":\"WebPage\",\"@id\":\"https:\\\/\\\/smartbeer.ch\\\/de\\\/personalisierte-biere\\\/\",\"url\":\"https:\\\/\\\/smartbeer.ch\\\/de\\\/personalisierte-biere\\\/\",\"name\":\"Personalisierte Biere - Smartbeer\",\"isPartOf\":{\"@id\":\"https:\\\/\\\/smartbeer.ch\\\/#website\"},\"primaryImageOfPage\":{\"@id\":\"https:\\\/\\\/smartbeer.ch\\\/de\\\/personalisierte-biere\\\/#primaryimage\"},\"image\":{\"@id\":\"https:\\\/\\\/smartbeer.ch\\\/de\\\/personalisierte-biere\\\/#primaryimage\"},\"thumbnailUrl\":\"https:\\\/\\\/smartbeer.ch\\\/wp-content\\\/uploads\\\/2019\\\/08\\\/beer-label.png\",\"datePublished\":\"2019-08-31T12:18:45+00:00\",\"dateModified\":\"2019-08-31T13:35:44+00:00\",\"breadcrumb\":{\"@id\":\"https:\\\/\\\/smartbeer.ch\\\/de\\\/personalisierte-biere\\\/#breadcrumb\"},\"inLanguage\":\"de\",\"potentialAction\":[{\"@type\":\"ReadAction\",\"target\":[\"https:\\\/\\\/smartbeer.ch\\\/de\\\/personalisierte-biere\\\/\"]}]},{\"@type\":\"ImageObject\",\"inLanguage\":\"de\",\"@id\":\"https:\\\/\\\/smartbeer.ch\\\/de\\\/personalisierte-biere\\\/#primaryimage\",\"url\":\"https:\\\/\\\/smartbeer.ch\\\/wp-content\\\/uploads\\\/2019\\\/08\\\/beer-label.png\",\"contentUrl\":\"https:\\\/\\\/smartbeer.ch\\\/wp-content\\\/uploads\\\/2019\\\/08\\\/beer-label.png\"},{\"@type\":\"BreadcrumbList\",\"@id\":\"https:\\\/\\\/smartbeer.ch\\\/de\\\/personalisierte-biere\\\/#breadcrumb\",\"itemListElement\":[{\"@type\":\"ListItem\",\"position\":1,\"name\":\"Accueil\",\"item\":\"https:\\\/\\\/smartbeer.ch\\\/de\\\/\"},{\"@type\":\"ListItem\",\"position\":2,\"name\":\"Personalisierte Biere\"}]},{\"@type\":\"WebSite\",\"@id\":\"https:\\\/\\\/smartbeer.ch\\\/#website\",\"url\":\"https:\\\/\\\/smartbeer.ch\\\/\",\"name\":\"Smartbeer\",\"description\":\"Entdecken Schweizer Biere \u00fcber eine monatliche Abo. Idee f\u00fcr ein Geschenk, um sich selbst zu geben oder. Jeden Monat entdecken Sie neue Biere.\",\"publisher\":{\"@id\":\"https:\\\/\\\/smartbeer.ch\\\/#organization\"},\"potentialAction\":[{\"@type\":\"SearchAction\",\"target\":{\"@type\":\"EntryPoint\",\"urlTemplate\":\"https:\\\/\\\/smartbeer.ch\\\/?s={search_term_string}\"},\"query-input\":{\"@type\":\"PropertyValueSpecification\",\"valueRequired\":true,\"valueName\":\"search_term_string\"}}],\"inLanguage\":\"de\"},{\"@type\":\"Organization\",\"@id\":\"https:\\\/\\\/smartbeer.ch\\\/#organization\",\"name\":\"SmartDistribution\",\"url\":\"https:\\\/\\\/smartbeer.ch\\\/\",\"logo\":{\"@type\":\"ImageObject\",\"inLanguage\":\"de\",\"@id\":\"https:\\\/\\\/smartbeer.ch\\\/#\\\/schema\\\/logo\\\/image\\\/\",\"url\":\"https:\\\/\\\/smartbeer.ch\\\/wp-content\\\/uploads\\\/2015\\\/09\\\/smartbeer_logo1.png\",\"contentUrl\":\"https:\\\/\\\/smartbeer.ch\\\/wp-content\\\/uploads\\\/2015\\\/09\\\/smartbeer_logo1.png\",\"width\":194,\"height\":83,\"caption\":\"SmartDistribution\"},\"image\":{\"@id\":\"https:\\\/\\\/smartbeer.ch\\\/#\\\/schema\\\/logo\\\/image\\\/\"}}]}<\/script>\n<!-- \/ Yoast SEO plugin. -->","yoast_head_json":{"title":"Personalisierte Biere - Smartbeer","robots":{"index":"index","follow":"follow","max-snippet":"max-snippet:-1","max-image-preview":"max-image-preview:large","max-video-preview":"max-video-preview:-1"},"canonical":"https:\/\/smartbeer.ch\/de\/personalisierte-biere\/","og_locale":"de_DE","og_type":"article","og_title":"Personalisierte Biere - Smartbeer","og_description":"Craft-Biere mit personalisierten Etiketten verfehlen nie ihre Wirkung. Massgeschneiderte Biere werden besonders als Werbegeschenke oder bei Veranstaltungen gesch\u00e4tzt. Sie w\u00e4hlen die Biersorte aus, das Rezept und individualisieren das Etikett mit Ihrem Bild. &nbsp; Sie m\u00f6chten ein massgeschneidertes Bier in Ihren Farben erschaffen. SmartBeer unterst\u00fctzt Sie als Experte bei Ihren Massnahmen mit einem Hintergrund von mehr [&hellip;]","og_url":"https:\/\/smartbeer.ch\/de\/personalisierte-biere\/","og_site_name":"Smartbeer","article_modified_time":"2019-08-31T13:35:44+00:00","og_image":[{"url":"https:\/\/smartbeer.ch\/wp-content\/uploads\/2019\/08\/beer-label.png","type":"","width":"","height":""}],"twitter_card":"summary_large_image","twitter_misc":{"Gesch\u00e4tzte Lesezeit":"1\u00a0Minute"},"schema":{"@context":"https:\/\/schema.org","@graph":[{"@type":"WebPage","@id":"https:\/\/smartbeer.ch\/de\/personalisierte-biere\/","url":"https:\/\/smartbeer.ch\/de\/personalisierte-biere\/","name":"Personalisierte Biere - Smartbeer","isPartOf":{"@id":"https:\/\/smartbeer.ch\/#website"},"primaryImageOfPage":{"@id":"https:\/\/smartbeer.ch\/de\/personalisierte-biere\/#primaryimage"},"image":{"@id":"https:\/\/smartbeer.ch\/de\/personalisierte-biere\/#primaryimage"},"thumbnailUrl":"https:\/\/smartbeer.ch\/wp-content\/uploads\/2019\/08\/beer-label.png","datePublished":"2019-08-31T12:18:45+00:00","dateModified":"2019-08-31T13:35:44+00:00","breadcrumb":{"@id":"https:\/\/smartbeer.ch\/de\/personalisierte-biere\/#breadcrumb"},"inLanguage":"de","potentialAction":[{"@type":"ReadAction","target":["https:\/\/smartbeer.ch\/de\/personalisierte-biere\/"]}]},{"@type":"ImageObject","inLanguage":"de","@id":"https:\/\/smartbeer.ch\/de\/personalisierte-biere\/#primaryimage","url":"https:\/\/smartbeer.ch\/wp-content\/uploads\/2019\/08\/beer-label.png","contentUrl":"https:\/\/smartbeer.ch\/wp-content\/uploads\/2019\/08\/beer-label.png"},{"@type":"BreadcrumbList","@id":"https:\/\/smartbeer.ch\/de\/personalisierte-biere\/#breadcrumb","itemListElement":[{"@type":"ListItem","position":1,"name":"Accueil","item":"https:\/\/smartbeer.ch\/de\/"},{"@type":"ListItem","position":2,"name":"Personalisierte Biere"}]},{"@type":"WebSite","@id":"https:\/\/smartbeer.ch\/#website","url":"https:\/\/smartbeer.ch\/","name":"Smartbeer","description":"Entdecken Schweizer Biere \u00fcber eine monatliche Abo. Idee f\u00fcr ein Geschenk, um sich selbst zu geben oder. Jeden Monat entdecken Sie neue Biere.","publisher":{"@id":"https:\/\/smartbeer.ch\/#organization"},"potentialAction":[{"@type":"SearchAction","target":{"@type":"EntryPoint","urlTemplate":"https:\/\/smartbeer.ch\/?s={search_term_string}"},"query-input":{"@type":"PropertyValueSpecification","valueRequired":true,"valueName":"search_term_string"}}],"inLanguage":"de"},{"@type":"Organization","@id":"https:\/\/smartbeer.ch\/#organization","name":"SmartDistribution","url":"https:\/\/smartbeer.ch\/","logo":{"@type":"ImageObject","inLanguage":"de","@id":"https:\/\/smartbeer.ch\/#\/schema\/logo\/image\/","url":"https:\/\/smartbeer.ch\/wp-content\/uploads\/2015\/09\/smartbeer_logo1.png","contentUrl":"https:\/\/smartbeer.ch\/wp-content\/uploads\/2015\/09\/smartbeer_logo1.png","width":194,"height":83,"caption":"SmartDistribution"},"image":{"@id":"https:\/\/smartbeer.ch\/#\/schema\/logo\/image\/"}}]}},"_links":{"self":[{"href":"https:\/\/smartbeer.ch\/de\/wp-json\/wp\/v2\/pages\/82141","targetHints":{"allow":["GET"]}}],"collection":[{"href":"https:\/\/smartbeer.ch\/de\/wp-json\/wp\/v2\/pages"}],"about":[{"href":"https:\/\/smartbeer.ch\/de\/wp-json\/wp\/v2\/types\/page"}],"author":[{"embeddable":true,"href":"https:\/\/smartbeer.ch\/de\/wp-json\/wp\/v2\/users\/2"}],"replies":[{"embeddable":true,"href":"https:\/\/smartbeer.ch\/de\/wp-json\/wp\/v2\/comments?post=82141"}],"version-history":[{"count":0,"href":"https:\/\/smartbeer.ch\/de\/wp-json\/wp\/v2\/pages\/82141\/revisions"}],"wp:attachment":[{"href":"https:\/\/smartbeer.ch\/de\/wp-json\/wp\/v2\/media?parent=82141"}],"curies":[{"name":"wp","href":"https:\/\/api.w.org\/{rel}","templated":true}]}}