{"id":20992,"date":"2018-11-15T11:06:36","date_gmt":"2018-11-15T10:06:36","guid":{"rendered":"https:\/\/smartbeer.ch\/satisfait-ou-rembourse\/"},"modified":"2018-11-16T15:17:07","modified_gmt":"2018-11-16T14:17:07","slug":"zufrieden-oder-geld-zurueck","status":"publish","type":"page","link":"https:\/\/smartbeer.ch\/de\/zufrieden-oder-geld-zurueck\/","title":{"rendered":"Zufrieden oder Geld zur\u00fcck"},"content":{"rendered":"<p><strong>Garantierte Zufriedenheit<\/strong><\/p>\n<p>Uns bei SmartBeer liegt es am Herzen, unsere Abonnenten zufrieden zu stellen. Es ist m\u00f6glich, das Abonnement jederzeit zu k\u00fcndigen und wir zahlen Ihnen den Wert der noch ausstehenden Lieferungen zur\u00fcck. Dies ohne weitere Begr\u00fcndung.<\/p>\n<p>Wenn Sie beispielsweise ein dreimonatiges Abonnement abgeschlossen haben (CHF 110,&#8211;) und Ihr Abonnement nach der ersten Lieferung k\u00fcndigen m\u00f6chten, zahlen wir Ihnen den Restbetrag der noch ausstehenden Lieferungen zur\u00fcck, d. h. CHF 73,30. Die R\u00fcckerstattung erfolgt per Bank\u00fcberweisung oder Kreditkarte.<\/p>\n<p>&nbsp;<\/p>\n<p><strong>Unsere Qualit\u00e4tsverpflichtung<\/strong><\/p>\n<p>Wir sind bestrebt, Qualit\u00e4tsbiere zu liefern. Zu diesem Zweck f\u00fchren wir eine sorgf\u00e4ltige Auswahl der Brauereien mit Hilfe von Bewertungen durch Spezialisten und Netzwerke durch, die sich auf den Brauereibereich spezialisiert haben. Vor jeder Lieferung testen wir die Biere pers\u00f6nlich und w\u00e4hlen sie mit den Brauereien zusammen aus.<\/p>\n<p>&nbsp;<\/p>\n<p><strong>Lokal und unabh\u00e4ngig, oder gar nicht!<\/strong><\/p>\n<p>Es liegt uns am Herzen, Ihnen lokale Biere, aus kleinen Brauereien vorzustellen, die nicht zu gro\u00dfen Industriekonzernen geh\u00f6ren. Wenn wir \u00fcber Craft Biere sprechen, w\u00e4hlen wir unsere Lieferanten nach folgenden Kriterien aus: eine Brauerei in \u00fcberschaubarer Gr\u00f6\u00dfe (wenige Mitarbeiter und keine industriellen Aktion\u00e4re), regionale und einzigartige Biere (die nicht oder nur teilweise in den gro\u00dfen Handelsketten vertreten sind). Wir bevorzugen bei der Auswahl von Brauereien diejenigen, die mit lokalen Produkten (Malz, Hopfen) arbeiten sowie mit Bio-Bieren, aber nicht ausschlie\u00dflich.<\/p>\n<p>&nbsp;<\/p>\n<p><strong>Wir m\u00f6gen die Vielfalt und die Unterschiedlichkeit<\/strong><\/p>\n<p>Unsere Boxen bestehen aus sechs Flaschen mit mindestens drei verschiedenen Bieren und wir tun unser Bestes, um die unterschiedlichsten Biere aus den ausgew\u00e4hlten Brauereien zu pr\u00e4sentieren. Wir versuchen auch, die Stile zu variieren.<\/p>\n","protected":false},"excerpt":{"rendered":"<p>Garantierte Zufriedenheit Uns bei SmartBeer liegt es am Herzen, unsere Abonnenten zufrieden zu stellen. Es ist m\u00f6glich, das Abonnement jederzeit zu k\u00fcndigen und wir zahlen Ihnen den Wert der noch ausstehenden Lieferungen zur\u00fcck. Dies ohne weitere Begr\u00fcndung. Wenn Sie beispielsweise ein dreimonatiges Abonnement abgeschlossen haben (CHF 110,&#8211;) und Ihr Abonnement nach der ersten Lieferung k\u00fcndigen [&hellip;]<\/p>\n","protected":false},"author":1,"featured_media":0,"parent":0,"menu_order":0,"comment_status":"closed","ping_status":"closed","template":"","meta":{"_acf_changed":false,"footnotes":""},"class_list":["post-20992","page","type-page","status-publish","hentry"],"acf":[],"yoast_head":"<!-- This site is optimized with the Yoast SEO plugin v27.5 - https:\/\/yoast.com\/product\/yoast-seo-wordpress\/ -->\n<title>Zufrieden oder Geld zur\u00fcck - Smartbeer<\/title>\n<meta name=\"robots\" content=\"index, follow, max-snippet:-1, max-image-preview:large, max-video-preview:-1\" \/>\n<link rel=\"canonical\" href=\"https:\/\/smartbeer.ch\/de\/zufrieden-oder-geld-zurueck\/\" \/>\n<meta property=\"og:locale\" content=\"de_DE\" \/>\n<meta property=\"og:type\" content=\"article\" \/>\n<meta property=\"og:title\" content=\"Zufrieden oder Geld zur\u00fcck - Smartbeer\" \/>\n<meta property=\"og:description\" content=\"Garantierte Zufriedenheit Uns bei SmartBeer liegt es am Herzen, unsere Abonnenten zufrieden zu stellen. Es ist m\u00f6glich, das Abonnement jederzeit zu k\u00fcndigen und wir zahlen Ihnen den Wert der noch ausstehenden Lieferungen zur\u00fcck. Dies ohne weitere Begr\u00fcndung. Wenn Sie beispielsweise ein dreimonatiges Abonnement abgeschlossen haben (CHF 110,&#8211;) und Ihr Abonnement nach der ersten Lieferung k\u00fcndigen [&hellip;]\" \/>\n<meta property=\"og:url\" content=\"https:\/\/smartbeer.ch\/de\/zufrieden-oder-geld-zurueck\/\" \/>\n<meta property=\"og:site_name\" content=\"Smartbeer\" \/>\n<meta property=\"article:modified_time\" content=\"2018-11-16T14:17:07+00:00\" \/>\n<meta name=\"twitter:card\" content=\"summary_large_image\" \/>\n<meta name=\"twitter:label1\" content=\"Gesch\u00e4tzte Lesezeit\" \/>\n\t<meta name=\"twitter:data1\" content=\"1\u00a0Minute\" \/>\n<script type=\"application\/ld+json\" class=\"yoast-schema-graph\">{\"@context\":\"https:\\\/\\\/schema.org\",\"@graph\":[{\"@type\":\"WebPage\",\"@id\":\"https:\\\/\\\/smartbeer.ch\\\/de\\\/zufrieden-oder-geld-zurueck\\\/\",\"url\":\"https:\\\/\\\/smartbeer.ch\\\/de\\\/zufrieden-oder-geld-zurueck\\\/\",\"name\":\"Zufrieden oder Geld zur\u00fcck - Smartbeer\",\"isPartOf\":{\"@id\":\"https:\\\/\\\/smartbeer.ch\\\/#website\"},\"datePublished\":\"2018-11-15T10:06:36+00:00\",\"dateModified\":\"2018-11-16T14:17:07+00:00\",\"breadcrumb\":{\"@id\":\"https:\\\/\\\/smartbeer.ch\\\/de\\\/zufrieden-oder-geld-zurueck\\\/#breadcrumb\"},\"inLanguage\":\"de\",\"potentialAction\":[{\"@type\":\"ReadAction\",\"target\":[\"https:\\\/\\\/smartbeer.ch\\\/de\\\/zufrieden-oder-geld-zurueck\\\/\"]}]},{\"@type\":\"BreadcrumbList\",\"@id\":\"https:\\\/\\\/smartbeer.ch\\\/de\\\/zufrieden-oder-geld-zurueck\\\/#breadcrumb\",\"itemListElement\":[{\"@type\":\"ListItem\",\"position\":1,\"name\":\"Accueil\",\"item\":\"https:\\\/\\\/smartbeer.ch\\\/de\\\/\"},{\"@type\":\"ListItem\",\"position\":2,\"name\":\"Zufrieden oder Geld zur\u00fcck\"}]},{\"@type\":\"WebSite\",\"@id\":\"https:\\\/\\\/smartbeer.ch\\\/#website\",\"url\":\"https:\\\/\\\/smartbeer.ch\\\/\",\"name\":\"Smartbeer\",\"description\":\"Entdecken Schweizer Biere \u00fcber eine monatliche Abo. Idee f\u00fcr ein Geschenk, um sich selbst zu geben oder. Jeden Monat entdecken Sie neue Biere.\",\"publisher\":{\"@id\":\"https:\\\/\\\/smartbeer.ch\\\/#organization\"},\"potentialAction\":[{\"@type\":\"SearchAction\",\"target\":{\"@type\":\"EntryPoint\",\"urlTemplate\":\"https:\\\/\\\/smartbeer.ch\\\/?s={search_term_string}\"},\"query-input\":{\"@type\":\"PropertyValueSpecification\",\"valueRequired\":true,\"valueName\":\"search_term_string\"}}],\"inLanguage\":\"de\"},{\"@type\":\"Organization\",\"@id\":\"https:\\\/\\\/smartbeer.ch\\\/#organization\",\"name\":\"SmartDistribution\",\"url\":\"https:\\\/\\\/smartbeer.ch\\\/\",\"logo\":{\"@type\":\"ImageObject\",\"inLanguage\":\"de\",\"@id\":\"https:\\\/\\\/smartbeer.ch\\\/#\\\/schema\\\/logo\\\/image\\\/\",\"url\":\"https:\\\/\\\/smartbeer.ch\\\/wp-content\\\/uploads\\\/2015\\\/09\\\/smartbeer_logo1.png\",\"contentUrl\":\"https:\\\/\\\/smartbeer.ch\\\/wp-content\\\/uploads\\\/2015\\\/09\\\/smartbeer_logo1.png\",\"width\":194,\"height\":83,\"caption\":\"SmartDistribution\"},\"image\":{\"@id\":\"https:\\\/\\\/smartbeer.ch\\\/#\\\/schema\\\/logo\\\/image\\\/\"}}]}<\/script>\n<!-- \/ Yoast SEO plugin. -->","yoast_head_json":{"title":"Zufrieden oder Geld zur\u00fcck - Smartbeer","robots":{"index":"index","follow":"follow","max-snippet":"max-snippet:-1","max-image-preview":"max-image-preview:large","max-video-preview":"max-video-preview:-1"},"canonical":"https:\/\/smartbeer.ch\/de\/zufrieden-oder-geld-zurueck\/","og_locale":"de_DE","og_type":"article","og_title":"Zufrieden oder Geld zur\u00fcck - Smartbeer","og_description":"Garantierte Zufriedenheit Uns bei SmartBeer liegt es am Herzen, unsere Abonnenten zufrieden zu stellen. Es ist m\u00f6glich, das Abonnement jederzeit zu k\u00fcndigen und wir zahlen Ihnen den Wert der noch ausstehenden Lieferungen zur\u00fcck. Dies ohne weitere Begr\u00fcndung. Wenn Sie beispielsweise ein dreimonatiges Abonnement abgeschlossen haben (CHF 110,&#8211;) und Ihr Abonnement nach der ersten Lieferung k\u00fcndigen [&hellip;]","og_url":"https:\/\/smartbeer.ch\/de\/zufrieden-oder-geld-zurueck\/","og_site_name":"Smartbeer","article_modified_time":"2018-11-16T14:17:07+00:00","twitter_card":"summary_large_image","twitter_misc":{"Gesch\u00e4tzte Lesezeit":"1\u00a0Minute"},"schema":{"@context":"https:\/\/schema.org","@graph":[{"@type":"WebPage","@id":"https:\/\/smartbeer.ch\/de\/zufrieden-oder-geld-zurueck\/","url":"https:\/\/smartbeer.ch\/de\/zufrieden-oder-geld-zurueck\/","name":"Zufrieden oder Geld zur\u00fcck - Smartbeer","isPartOf":{"@id":"https:\/\/smartbeer.ch\/#website"},"datePublished":"2018-11-15T10:06:36+00:00","dateModified":"2018-11-16T14:17:07+00:00","breadcrumb":{"@id":"https:\/\/smartbeer.ch\/de\/zufrieden-oder-geld-zurueck\/#breadcrumb"},"inLanguage":"de","potentialAction":[{"@type":"ReadAction","target":["https:\/\/smartbeer.ch\/de\/zufrieden-oder-geld-zurueck\/"]}]},{"@type":"BreadcrumbList","@id":"https:\/\/smartbeer.ch\/de\/zufrieden-oder-geld-zurueck\/#breadcrumb","itemListElement":[{"@type":"ListItem","position":1,"name":"Accueil","item":"https:\/\/smartbeer.ch\/de\/"},{"@type":"ListItem","position":2,"name":"Zufrieden oder Geld zur\u00fcck"}]},{"@type":"WebSite","@id":"https:\/\/smartbeer.ch\/#website","url":"https:\/\/smartbeer.ch\/","name":"Smartbeer","description":"Entdecken Schweizer Biere \u00fcber eine monatliche Abo. Idee f\u00fcr ein Geschenk, um sich selbst zu geben oder. Jeden Monat entdecken Sie neue Biere.","publisher":{"@id":"https:\/\/smartbeer.ch\/#organization"},"potentialAction":[{"@type":"SearchAction","target":{"@type":"EntryPoint","urlTemplate":"https:\/\/smartbeer.ch\/?s={search_term_string}"},"query-input":{"@type":"PropertyValueSpecification","valueRequired":true,"valueName":"search_term_string"}}],"inLanguage":"de"},{"@type":"Organization","@id":"https:\/\/smartbeer.ch\/#organization","name":"SmartDistribution","url":"https:\/\/smartbeer.ch\/","logo":{"@type":"ImageObject","inLanguage":"de","@id":"https:\/\/smartbeer.ch\/#\/schema\/logo\/image\/","url":"https:\/\/smartbeer.ch\/wp-content\/uploads\/2015\/09\/smartbeer_logo1.png","contentUrl":"https:\/\/smartbeer.ch\/wp-content\/uploads\/2015\/09\/smartbeer_logo1.png","width":194,"height":83,"caption":"SmartDistribution"},"image":{"@id":"https:\/\/smartbeer.ch\/#\/schema\/logo\/image\/"}}]}},"_links":{"self":[{"href":"https:\/\/smartbeer.ch\/de\/wp-json\/wp\/v2\/pages\/20992","targetHints":{"allow":["GET"]}}],"collection":[{"href":"https:\/\/smartbeer.ch\/de\/wp-json\/wp\/v2\/pages"}],"about":[{"href":"https:\/\/smartbeer.ch\/de\/wp-json\/wp\/v2\/types\/page"}],"author":[{"embeddable":true,"href":"https:\/\/smartbeer.ch\/de\/wp-json\/wp\/v2\/users\/1"}],"replies":[{"embeddable":true,"href":"https:\/\/smartbeer.ch\/de\/wp-json\/wp\/v2\/comments?post=20992"}],"version-history":[{"count":0,"href":"https:\/\/smartbeer.ch\/de\/wp-json\/wp\/v2\/pages\/20992\/revisions"}],"wp:attachment":[{"href":"https:\/\/smartbeer.ch\/de\/wp-json\/wp\/v2\/media?parent=20992"}],"curies":[{"name":"wp","href":"https:\/\/api.w.org\/{rel}","templated":true}]}}