{"id":1284,"date":"2016-06-08T22:33:10","date_gmt":"2016-06-08T21:33:10","guid":{"rendered":"https:\/\/smartbeer.ch\/\/de\/?page_id=1284"},"modified":"2021-11-02T11:20:03","modified_gmt":"2021-11-02T10:20:03","slug":"allgememeinen-geschaeftsbedingungen","status":"publish","type":"page","link":"https:\/\/smartbeer.ch\/de\/allgememeinen-geschaeftsbedingungen\/","title":{"rendered":"Allgememeinen Gesch\u00e4ftsbedingungen"},"content":{"rendered":"<p>1. Gegenstand<\/p>\n<p>Die folgenden Allgemeinen Gesch\u00e4ftsbedingungen sind die ausschliesslich geltenden Bedingungen der Vertragsbeziehung zwischen SmartDistribution KLG, Bleienbachstr. 4D, 4932 Lotzwil (nachfolgend &#8222;SD&#8220;) als Betreiber der Webseite &#8222;www.smartbeer.ch&#8220; und dem Kunden (\u201eKunde\u201c) der auf dieser Webseite angebotenen Abonnementen. Nur schriftlich festgehaltene Nebenabreden mit Abweichungen von diesen Bedingungen sind f\u00fcr SD verbindlich.<\/p>\n<p>2. Bestellung<\/p>\n<p>Die Bestellung, inklusive dem Auftrag f\u00fcr den Versand der bestellten Ware gilt als aufgegeben und der Bestellauftrag als angenommen, sobald der Kunde per Internet diese Allgemeinen Gesch\u00e4ftsbedingungen mit der Taste &#8222;Ich habe die AGB\u2019s gelesen und akzeptiert&#8220; akzeptiert sowie die Bestellung mit dem Feld \u201eN\u00e4chste\u201c ausgel\u00f6st hat. Die erste Abonnements-Lieferung erfolgt, sofern vom Kunde nicht anders verlangt, im folgenden Monat nach Erhalt der Zahlung und der Ausweiskopie des K\u00e4ufers. Abonnements-Lieferungen erfolgen jeden Monat jeweils zwischen dem 10. und 20. Tag. SD \u00fcbernimmt keine Verantwortung f\u00fcr Lieferverzug aufgrund des Lieferanten. Die Lieferung des Produkts \u201eStarter Pack\u201c erfolgt innerhalb von 10 Tagen nach Erhalt der Zahlung und der Ausweiskopie des K\u00e4ufers.<\/p>\n<p>3. Preise und Zahlungsbedingungen<\/p>\n<p>Alle Preise verstehen sich in Schweizer Franken (CHF). Die Mehrwertsteuer und die Lieferkosten sind bereits im angegebenen Preis inbegriffen.<\/p>\n<p>SD beh\u00e4lt sich das Recht vor, Preis\u00e4nderungen vorzunehmen. Solche Preis\u00e4nderungen haben keine Auswirkungen auf vorher ausgef\u00fchrte Bestellungen.<\/p>\n<p>Die Zahlung der bestellten Produkte erfolgt per Kreditkarte oder Bank\u00fcberweisung auf das nachfolgende Postkonto:<\/p>\n<p>Kontonummer: 61-522678-0<br \/>\nIBAN: CH29 0900 0000 6152 2678 0<br \/>\nSmartDistribution KLG<br \/>\nBleienbachstr. 4D<br \/>\n4932 Lotzwil<\/p>\n<p>SD beh\u00e4lt sich das Recht, zus\u00e4tzliche Kosten aufgrund des gew\u00e4hlten Zahlungsmittels zu verrechnen.<\/p>\n<p>4. Lieferung<\/p>\n<p>Das Liefergebiet umfasst die gesamte Schweiz sowie Liechtenstein. Die Abonnements-Lieferungen erfolgen jeden Monat zwischen dem 10. und 20. Tag des jeweiligen Monats. Die Lieferungen beginnen, ohne anderslautende Angabe des Kunden, im folgenden Monat nach Erhalt der Zahlung. Die bestellten Waren werden an die vom Kunden bei der Bestellung angegebene Lieferaderesse geliefert. Die Lieferungen werden von der Schweizerischen Post ausgef\u00fchrt. Die Liefergeb\u00fchren betragen CHF 9.00 pro Bestellung und sind bereits im angegeben Preis mitinbegriffen.<\/p>\n<p>SD \u00fcbernimmt keine Haftung im Falle einer Nicht-Entgegennahme einer Lieferung infolge Vers\u00e4umnis, Versp\u00e4tung oder Fehler des Kunden. SD kann die zur\u00fcckgeschickten Waren, nach Erhalt sowohl der R\u00fccklieferkosten und erneuten Lieferkosten als auch administrativen Kosten im Umfang von Total CHF 18.00, dem Kunden erneut zusenden.<\/p>\n<p>Des Weiteren \u00fcbernimmt SD auch keine Haftung f\u00fcr Sch\u00e4den welche durch eine unsachgem\u00e4sse Zulieferung der Schweizerischen Post erfolgen. Bei entsprechendem Schadensfall liegt es in der Pflicht des Kunden bei der Poststelle ein Schadensprotokoll anzufordern.<\/p>\n<p>5. Gew\u00e4hrleistung<\/p>\n<p>Grunds\u00e4tzlich verpflichtet sich SD nur qualitativ einwandfreie Ware, welche s\u00e4mtliche Anforderungen der schweizerischen Gesetzgebung erf\u00fcllen, auf der Internetseite \u00abwww.smartbeer.ch\u00bb anzubieten. Ausserdem publiziert SD ausschliesslich korrekte Daten bez\u00fcglich der Eigenschaften der zum Verkauf stehenden Waren.<\/p>\n<p>Wurde falsche oder schadhafte Ware (Bruchflaschen) geliefert, hat der Kunde den Mangel SD innert f\u00fcnf Arbeitstagen ab Ablieferung, per E-Mail an info@smartbeer.ch oder per Post mitzuteilen. Erfolgt diese Mitteilung rechtzeitig, wird dem Kunden das Abonnement um eine Lieferung verl\u00e4ngert. Falls die urspr\u00fcnglich bestellte Ware nicht mehr lieferbar ist, wird dem Kunden stattdessen ein Starter Pack zugestellt oder der Kaufpreis zur\u00fcckerstattet.<\/p>\n<p>6. Pflichten des Kunden<\/p>\n<p>Der Kunde garantiert, dass er gem\u00e4ss geltendem Recht zum Vertragsabschluss autorisiert ist, insbesondere, dass er mindestens sechzehn (16) Jahre alt ist. Es obliegt dem Kunden, die korrekte Lieferadresse einzugeben. Der Kunde hat die Lieferung sp\u00e4testens innert f\u00fcnf Arbeitstagen zu pr\u00fcfen. Schadhafte\/falsche Liefergegenst\u00e4nde sind f\u00fcr die R\u00fcckgabe zur Verf\u00fcgung von SD zu halten. Der Kunde autorisiert SD ausdr\u00fccklich, die eingegebenen Bestelldaten an den treffenden Bierbrauer weiterzugeben. Die Daten d\u00fcrfen von SD auch zur Versendung von Newslettern, Aktionen etc. im Bierbereich verwendet werden.<\/p>\n<p>Jede weitere Verwendung oder Weitergabe ist ausgeschlossen. Der Kunde autorisiert SD Kopien und elektronische Aufnahmen (log-files) jeglicher Transaktionen f\u00fcr deren Nachweis anzulegen.<\/p>\n<p>7. Haftungsausschluss<\/p>\n<p>Eine \u00fcber die in Ziffer 5 hinausgehende Haftung seitens SD und ihrer Hilfspersonen ist in folgenden F\u00e4llen ung\u00fcltig:<br \/>\n&#8211; Bei unmittelbaren oder mittelbaren Sch\u00e4den<br \/>\n&#8211; Bei Fehlern oder sonstigen Nachteilen, die dem Kunden aus der Inanspruchnahme der Bestellung, respektive dem Kauf der Ware entstehen k\u00f6nnen, soweit gesetzlich zul\u00e4ssig.<\/p>\n<p>8. Immaterialg\u00fcterrechte<\/p>\n<p>Der Kunde anerkennt, dass alle mit der Webseite &#8222;www.smartbeer.ch&#8220; zusammenh\u00e4ngenden immateriellen Rechte an Namen \/ Bezeichnungen, Designs, Konzepten und Software, unabh\u00e4ngig von deren spezialrechtlichen Schutzm\u00f6glichkeit, im alleinigen Eigentum von SD stehen.<\/p>\n<p>9. Datenschutz<\/p>\n<p>Die Daten des Kunden sind pers\u00f6nlich und werden von SD vertraulich behandelt.<\/p>\n<p>10. G\u00fcltigkeit<\/p>\n<p>Diese AGBs k\u00f6nnen jederzeit und ohne Vorank\u00fcndigung ge\u00e4ndert werden.<\/p>\n<p>11. Rechtswahl und Gerichtsstand<\/p>\n<p>Dieses Rechtsverh\u00e4ltnis untersteht schweizerischem Recht. Ausschliesslicher Gerichtsstand ist der Sitz von SD.<\/p>\n","protected":false},"excerpt":{"rendered":"<p>1. Gegenstand Die folgenden Allgemeinen Gesch\u00e4ftsbedingungen sind die ausschliesslich geltenden Bedingungen der Vertragsbeziehung zwischen SmartDistribution KLG, Bleienbachstr. 4D, 4932 Lotzwil (nachfolgend &#8222;SD&#8220;) als Betreiber der Webseite &#8222;www.smartbeer.ch&#8220; und dem Kunden (\u201eKunde\u201c) der auf dieser Webseite angebotenen Abonnementen. Nur schriftlich festgehaltene Nebenabreden mit Abweichungen von diesen Bedingungen sind f\u00fcr SD verbindlich. 2. Bestellung Die Bestellung, inklusive [&hellip;]<\/p>\n","protected":false},"author":2,"featured_media":0,"parent":0,"menu_order":0,"comment_status":"closed","ping_status":"closed","template":"","meta":{"_acf_changed":false,"footnotes":""},"class_list":["post-1284","page","type-page","status-publish","hentry"],"acf":[],"yoast_head":"<!-- This site is optimized with the Yoast SEO plugin v26.8 - https:\/\/yoast.com\/product\/yoast-seo-wordpress\/ -->\n<title>Allgememeinen Gesch\u00e4ftsbedingungen - Smartbeer<\/title>\n<meta name=\"robots\" content=\"index, follow, max-snippet:-1, max-image-preview:large, max-video-preview:-1\" \/>\n<link rel=\"canonical\" href=\"https:\/\/smartbeer.ch\/de\/allgememeinen-geschaeftsbedingungen\/\" \/>\n<meta property=\"og:locale\" content=\"de_DE\" \/>\n<meta property=\"og:type\" content=\"article\" \/>\n<meta property=\"og:title\" content=\"Allgememeinen Gesch\u00e4ftsbedingungen - Smartbeer\" \/>\n<meta property=\"og:description\" content=\"1. Gegenstand Die folgenden Allgemeinen Gesch\u00e4ftsbedingungen sind die ausschliesslich geltenden Bedingungen der Vertragsbeziehung zwischen SmartDistribution KLG, Bleienbachstr. 4D, 4932 Lotzwil (nachfolgend &#8222;SD&#8220;) als Betreiber der Webseite &#8222;www.smartbeer.ch&#8220; und dem Kunden (\u201eKunde\u201c) der auf dieser Webseite angebotenen Abonnementen. Nur schriftlich festgehaltene Nebenabreden mit Abweichungen von diesen Bedingungen sind f\u00fcr SD verbindlich. 2. Bestellung Die Bestellung, inklusive [&hellip;]\" \/>\n<meta property=\"og:url\" content=\"https:\/\/smartbeer.ch\/de\/allgememeinen-geschaeftsbedingungen\/\" \/>\n<meta property=\"og:site_name\" content=\"Smartbeer\" \/>\n<meta property=\"article:modified_time\" content=\"2021-11-02T10:20:03+00:00\" \/>\n<meta name=\"twitter:card\" content=\"summary_large_image\" \/>\n<meta name=\"twitter:label1\" content=\"Gesch\u00e4tzte Lesezeit\" \/>\n\t<meta name=\"twitter:data1\" content=\"4\u00a0Minuten\" \/>\n<script type=\"application\/ld+json\" class=\"yoast-schema-graph\">{\"@context\":\"https:\/\/schema.org\",\"@graph\":[{\"@type\":\"WebPage\",\"@id\":\"https:\/\/smartbeer.ch\/de\/allgememeinen-geschaeftsbedingungen\/\",\"url\":\"https:\/\/smartbeer.ch\/de\/allgememeinen-geschaeftsbedingungen\/\",\"name\":\"Allgememeinen Gesch\u00e4ftsbedingungen - Smartbeer\",\"isPartOf\":{\"@id\":\"https:\/\/smartbeer.ch\/#website\"},\"datePublished\":\"2016-06-08T21:33:10+00:00\",\"dateModified\":\"2021-11-02T10:20:03+00:00\",\"breadcrumb\":{\"@id\":\"https:\/\/smartbeer.ch\/de\/allgememeinen-geschaeftsbedingungen\/#breadcrumb\"},\"inLanguage\":\"de\",\"potentialAction\":[{\"@type\":\"ReadAction\",\"target\":[\"https:\/\/smartbeer.ch\/de\/allgememeinen-geschaeftsbedingungen\/\"]}]},{\"@type\":\"BreadcrumbList\",\"@id\":\"https:\/\/smartbeer.ch\/de\/allgememeinen-geschaeftsbedingungen\/#breadcrumb\",\"itemListElement\":[{\"@type\":\"ListItem\",\"position\":1,\"name\":\"Accueil\",\"item\":\"https:\/\/smartbeer.ch\/de\/\"},{\"@type\":\"ListItem\",\"position\":2,\"name\":\"Allgememeinen Gesch\u00e4ftsbedingungen\"}]},{\"@type\":\"WebSite\",\"@id\":\"https:\/\/smartbeer.ch\/#website\",\"url\":\"https:\/\/smartbeer.ch\/\",\"name\":\"Smartbeer\",\"description\":\"Entdecken Schweizer Biere \u00fcber eine monatliche Abo. Idee f\u00fcr ein Geschenk, um sich selbst zu geben oder. Jeden Monat entdecken Sie neue Biere.\",\"publisher\":{\"@id\":\"https:\/\/smartbeer.ch\/#organization\"},\"potentialAction\":[{\"@type\":\"SearchAction\",\"target\":{\"@type\":\"EntryPoint\",\"urlTemplate\":\"https:\/\/smartbeer.ch\/?s={search_term_string}\"},\"query-input\":{\"@type\":\"PropertyValueSpecification\",\"valueRequired\":true,\"valueName\":\"search_term_string\"}}],\"inLanguage\":\"de\"},{\"@type\":\"Organization\",\"@id\":\"https:\/\/smartbeer.ch\/#organization\",\"name\":\"SmartDistribution\",\"url\":\"https:\/\/smartbeer.ch\/\",\"logo\":{\"@type\":\"ImageObject\",\"inLanguage\":\"de\",\"@id\":\"https:\/\/smartbeer.ch\/#\/schema\/logo\/image\/\",\"url\":\"https:\/\/smartbeer.ch\/wp-content\/uploads\/2015\/09\/smartbeer_logo1.png\",\"contentUrl\":\"https:\/\/smartbeer.ch\/wp-content\/uploads\/2015\/09\/smartbeer_logo1.png\",\"width\":194,\"height\":83,\"caption\":\"SmartDistribution\"},\"image\":{\"@id\":\"https:\/\/smartbeer.ch\/#\/schema\/logo\/image\/\"}}]}<\/script>\n<!-- \/ Yoast SEO plugin. -->","yoast_head_json":{"title":"Allgememeinen Gesch\u00e4ftsbedingungen - Smartbeer","robots":{"index":"index","follow":"follow","max-snippet":"max-snippet:-1","max-image-preview":"max-image-preview:large","max-video-preview":"max-video-preview:-1"},"canonical":"https:\/\/smartbeer.ch\/de\/allgememeinen-geschaeftsbedingungen\/","og_locale":"de_DE","og_type":"article","og_title":"Allgememeinen Gesch\u00e4ftsbedingungen - Smartbeer","og_description":"1. Gegenstand Die folgenden Allgemeinen Gesch\u00e4ftsbedingungen sind die ausschliesslich geltenden Bedingungen der Vertragsbeziehung zwischen SmartDistribution KLG, Bleienbachstr. 4D, 4932 Lotzwil (nachfolgend &#8222;SD&#8220;) als Betreiber der Webseite &#8222;www.smartbeer.ch&#8220; und dem Kunden (\u201eKunde\u201c) der auf dieser Webseite angebotenen Abonnementen. Nur schriftlich festgehaltene Nebenabreden mit Abweichungen von diesen Bedingungen sind f\u00fcr SD verbindlich. 2. Bestellung Die Bestellung, inklusive [&hellip;]","og_url":"https:\/\/smartbeer.ch\/de\/allgememeinen-geschaeftsbedingungen\/","og_site_name":"Smartbeer","article_modified_time":"2021-11-02T10:20:03+00:00","twitter_card":"summary_large_image","twitter_misc":{"Gesch\u00e4tzte Lesezeit":"4\u00a0Minuten"},"schema":{"@context":"https:\/\/schema.org","@graph":[{"@type":"WebPage","@id":"https:\/\/smartbeer.ch\/de\/allgememeinen-geschaeftsbedingungen\/","url":"https:\/\/smartbeer.ch\/de\/allgememeinen-geschaeftsbedingungen\/","name":"Allgememeinen Gesch\u00e4ftsbedingungen - Smartbeer","isPartOf":{"@id":"https:\/\/smartbeer.ch\/#website"},"datePublished":"2016-06-08T21:33:10+00:00","dateModified":"2021-11-02T10:20:03+00:00","breadcrumb":{"@id":"https:\/\/smartbeer.ch\/de\/allgememeinen-geschaeftsbedingungen\/#breadcrumb"},"inLanguage":"de","potentialAction":[{"@type":"ReadAction","target":["https:\/\/smartbeer.ch\/de\/allgememeinen-geschaeftsbedingungen\/"]}]},{"@type":"BreadcrumbList","@id":"https:\/\/smartbeer.ch\/de\/allgememeinen-geschaeftsbedingungen\/#breadcrumb","itemListElement":[{"@type":"ListItem","position":1,"name":"Accueil","item":"https:\/\/smartbeer.ch\/de\/"},{"@type":"ListItem","position":2,"name":"Allgememeinen Gesch\u00e4ftsbedingungen"}]},{"@type":"WebSite","@id":"https:\/\/smartbeer.ch\/#website","url":"https:\/\/smartbeer.ch\/","name":"Smartbeer","description":"Entdecken Schweizer Biere \u00fcber eine monatliche Abo. Idee f\u00fcr ein Geschenk, um sich selbst zu geben oder. Jeden Monat entdecken Sie neue Biere.","publisher":{"@id":"https:\/\/smartbeer.ch\/#organization"},"potentialAction":[{"@type":"SearchAction","target":{"@type":"EntryPoint","urlTemplate":"https:\/\/smartbeer.ch\/?s={search_term_string}"},"query-input":{"@type":"PropertyValueSpecification","valueRequired":true,"valueName":"search_term_string"}}],"inLanguage":"de"},{"@type":"Organization","@id":"https:\/\/smartbeer.ch\/#organization","name":"SmartDistribution","url":"https:\/\/smartbeer.ch\/","logo":{"@type":"ImageObject","inLanguage":"de","@id":"https:\/\/smartbeer.ch\/#\/schema\/logo\/image\/","url":"https:\/\/smartbeer.ch\/wp-content\/uploads\/2015\/09\/smartbeer_logo1.png","contentUrl":"https:\/\/smartbeer.ch\/wp-content\/uploads\/2015\/09\/smartbeer_logo1.png","width":194,"height":83,"caption":"SmartDistribution"},"image":{"@id":"https:\/\/smartbeer.ch\/#\/schema\/logo\/image\/"}}]}},"_links":{"self":[{"href":"https:\/\/smartbeer.ch\/de\/wp-json\/wp\/v2\/pages\/1284","targetHints":{"allow":["GET"]}}],"collection":[{"href":"https:\/\/smartbeer.ch\/de\/wp-json\/wp\/v2\/pages"}],"about":[{"href":"https:\/\/smartbeer.ch\/de\/wp-json\/wp\/v2\/types\/page"}],"author":[{"embeddable":true,"href":"https:\/\/smartbeer.ch\/de\/wp-json\/wp\/v2\/users\/2"}],"replies":[{"embeddable":true,"href":"https:\/\/smartbeer.ch\/de\/wp-json\/wp\/v2\/comments?post=1284"}],"version-history":[{"count":0,"href":"https:\/\/smartbeer.ch\/de\/wp-json\/wp\/v2\/pages\/1284\/revisions"}],"wp:attachment":[{"href":"https:\/\/smartbeer.ch\/de\/wp-json\/wp\/v2\/media?parent=1284"}],"curies":[{"name":"wp","href":"https:\/\/api.w.org\/{rel}","templated":true}]}}